{"id":988107,"date":"2024-07-01T09:46:59","date_gmt":"2024-07-01T09:46:59","guid":{"rendered":"https:\/\/vitrans-conveyor.com\/product\/timing-belt-conveyor-spare-part-upper-drive-unit\/"},"modified":"2026-01-04T06:32:36","modified_gmt":"2026-01-04T06:32:36","slug":"timing-belt-conveyor-spare-part-upper-drive-unit","status":"publish","type":"product","link":"https:\/\/www.vitrans-conveyor.com\/es\/product\/timing-belt-conveyor-spare-part-upper-drive-unit\/","title":{"rendered":"Piezas de recambio para correas dentadas| Unidad de accionamiento superior"},"content":{"rendered":"<div class=\"vgblk-rw-wrapper limit-wrapper\">\n<div>\n<p><span class=\"attr_title\" title=\"N\u00ba de modelo\">N\u00ba de modelo<\/span>:\u00a0<span class=\"attr_content\" title=\"BC2-Repuesto-D\">BC2-Repuesto-D<\/span><\/p>\n<p><span class=\"attr_title\" title=\"Marca\">Marca<\/span>:\u00a0<span class=\"attr_content\" title=\"Vitrans\">Vitrans<\/span><\/p>\n<p><span class=\"attr_title\" title=\"{Sector de actividad}\">Industria aplicable<\/span>:\u00a0<span class=\"attr_content\" title=\"Planta de fabricaci\u00f3n, otros\">Planta de fabricaci\u00f3n, otros<\/span><\/p>\n<p><span class=\"attr_title\" title=\"{Servicio fuera de garant\u00eda}\">Servicio fuera de garant\u00eda<\/span>:\u00a0<span class=\"attr_content\" title=\"Asistencia t\u00e9cnica en v\u00eddeo, asistencia en l\u00ednea, piezas de repuesto\">Asistencia t\u00e9cnica en v\u00eddeo, asistencia en l\u00ednea, piezas de repuesto<\/span><\/p>\n<p><span class=\"attr_title\" title=\"{ D\u00f3nde prestar servicios locales (en qu\u00e9 pa\u00edses hay puntos de servicio en el extranjero)}\">D\u00f3nde prestar servicios locales (en qu\u00e9 pa\u00edses hay puntos de servicio en el extranjero)<\/span>:\u00a0<span class=\"attr_content\" title=\"Estados Unidos, Vietnam, India, M\u00e9xico, Malasia, Corea del Sur\">Estados Unidos, Vietnam, India, M\u00e9xico, Malasia, Corea del Sur<\/span><\/p>\n<p><span class=\"attr_title\" title=\"{ Ubicaci\u00f3n de la sala de exposici\u00f3n (en qu\u00e9 pa\u00edses hay salas de exposici\u00f3n en el extranjero)}\">Ubicaci\u00f3n de la sala de exposiciones (en qu\u00e9 pa\u00edses hay salas de exposiciones en el extranjero)<\/span>:\u00a0<span class=\"attr_content\" title=\"Ninguno\">Ninguno<\/span><\/p>\n<p><span class=\"attr_title\" title=\"{Estado}\">Estado<\/span>:\u00a0<span class=\"attr_content\" title=\"Nuevo\">Nuevo<\/span><\/p>\n<p><span class=\"attr_title\" title=\"{ Material}\">Material<\/span>:\u00a0<span class=\"attr_content\" title=\"Aluminio\">Aluminio<\/span><\/p>\n<p><span class=\"attr_title\" title=\"{ Estructura}\">Estructura<\/span>:\u00a0<span class=\"attr_content\" title=\"Cinta transportadora\">Cinta transportadora<\/span><\/p>\n<p><span class=\"attr_title\" title=\"{Lugar de origen}\">Lugar de origen<\/span>:\u00a0<span class=\"attr_content\" title=\"China\">China<\/span><\/p>\n<p><span class=\"attr_title\" title=\"{ Potencia (vatios)}\">Potencia (vatios)<\/span>:\u00a0<span class=\"attr_content\" title=\"Otros\">Otros<\/span><\/p>\n<p><span class=\"attr_title\" title=\"{Per\u00edodo de garant\u00eda}\">Periodo de garant\u00eda<\/span>:\u00a0<span class=\"attr_content\" title=\"1 a\u00f1o\">1 a\u00f1o<\/span><\/p>\n<p><span class=\"attr_title\" title=\"{Informe de pruebas mec\u00e1nicas}\">Informe de ensayos mec\u00e1nicos<\/span>:\u00a0<span class=\"attr_content\" title=\"Proporcionado\">Proporcionado<\/span><\/p>\n<p><span class=\"attr_title\" title=\"{V\u00eddeo de inspecci\u00f3n en f\u00e1brica}\">Inspecci\u00f3n de f\u00e1brica por v\u00eddeo<\/span>:\u00a0<span class=\"attr_content\" title=\"Proporcionado\">Proporcionado<\/span><\/p>\n<p><span class=\"attr_title\" title=\"{Per\u00edodo de garant\u00eda de los componentes principales}\">Per\u00edodo de garant\u00eda de los componentes principales<\/span>:\u00a0<span class=\"attr_content\" title=\"1 a\u00f1o\">1 a\u00f1o<\/span><\/p>\n<p><span class=\"attr_title\" title=\"{Componentes b\u00e1sicos}\">Componentes b\u00e1sicos<\/span>:\u00a0<span class=\"attr_content\" title=\"Otros, Rodamiento, Engranaje\">Otros, Rodamiento, Engranaje<\/span><\/p>\n<p><span class=\"attr_title\" title=\"{Tipo de producto}\">Tipo de producto<\/span>:\u00a0<span class=\"attr_content\" title=\"Pieza de recambio\">Pieza de recambio<\/span><\/p>\n<p><span class=\"attr_title\" title=\"{Una sola pieza\/Montaje}\">Pieza \u00fanica\/Montaje<\/span>:\u00a0<span class=\"attr_content\" title=\"Montaje\">Montaje<\/span><\/p>\n<\/div>\n<\/div>\n<p><!-- .vgblk-rw-wrapper --><\/p>","protected":false},"excerpt":{"rendered":"<p>Model No.:\u00a0BC2-Spare-D Brand:\u00a0Vitrans Applicable Industry:\u00a0Manufacturing Plant, Other Out-of-warranty Service:\u00a0Video Technical Support, Online Support, Spare Parts Where To Provide Local Services (in Which Countries Are There Overseas Service Outlets):\u00a0United States, Viet Nam, India, Mexico, Malaysia, South Korea Showroom Location (in Which Countries Are There Sample Rooms Overseas):\u00a0None Status:\u00a0New Material:\u00a0Aluminium Structure:\u00a0Belt Conveyor Place Of Origin:\u00a0China Power (Watts):\u00a0Other&#8230;<\/p>","protected":false},"featured_media":992913,"comment_status":"closed","ping_status":"closed","template":"","meta":[],"product_cat":[127],"product_tag":[],"class_list":{"0":"post-988107","1":"product","2":"type-product","3":"status-publish","4":"has-post-thumbnail","6":"product_cat-parts","8":"first","9":"instock","10":"shipping-taxable","11":"purchasable","12":"product-type-simple"},"yoast_head":"<!-- This site is optimized with the Yoast SEO Premium plugin v23.2 (Yoast SEO v24.8.1) - https:\/\/yoast.com\/wordpress\/plugins\/seo\/ -->\n<title>Timing Belt Conveyor Spare Part| Upper Drive Unit - Vitrans<\/title>\n<meta name=\"robots\" content=\"index, follow, max-snippet:-1, max-image-preview:large, max-video-preview:-1\" \/>\n<link rel=\"canonical\" href=\"https:\/\/www.vitrans-conveyor.com\/es\/producto\/timing-belt-conveyor-spare-part-upper-drive-unit\/\" \/>\n<meta property=\"og:locale\" content=\"es_ES\" \/>\n<meta property=\"og:type\" content=\"article\" \/>\n<meta property=\"og:title\" content=\"Timing Belt Conveyor Spare Part| Upper Drive Unit\" \/>\n<meta property=\"og:description\" content=\"Model No.:\u00a0BC2-Spare-D Brand:\u00a0Vitrans Applicable Industry:\u00a0Manufacturing Plant, Other Out-of-warranty Service:\u00a0Video Technical Support, Online Support, Spare Parts Where To Provide Local Services (in Which Countries Are There Overseas Service Outlets):\u00a0United States, Viet Nam, India, Mexico, Malaysia, South Korea Showroom Location (in Which Countries Are There Sample Rooms Overseas):\u00a0None Status:\u00a0New Material:\u00a0Aluminium Structure:\u00a0Belt Conveyor Place Of Origin:\u00a0China Power (Watts):\u00a0Other...\" \/>\n<meta property=\"og:url\" content=\"https:\/\/www.vitrans-conveyor.com\/es\/producto\/timing-belt-conveyor-spare-part-upper-drive-unit\/\" \/>\n<meta property=\"og:site_name\" content=\"Vitrans\" \/>\n<meta property=\"article:modified_time\" content=\"2026-01-04T06:32:36+00:00\" \/>\n<meta property=\"og:image\" content=\"https:\/\/www.vitrans-conveyor.com\/wp-content\/uploads\/2024\/07\/03-BC2\u540c\u6b65\u5e261280.7.png\" \/>\n\t<meta property=\"og:image:width\" content=\"1280\" \/>\n\t<meta property=\"og:image:height\" content=\"853\" \/>\n\t<meta property=\"og:image:type\" content=\"image\/png\" \/>\n<meta name=\"twitter:card\" content=\"summary_large_image\" \/>\n<meta name=\"twitter:label1\" content=\"Price\" \/>\n\t<meta name=\"twitter:data1\" content=\"&#036;5,870.00\" \/>\n\t<meta name=\"twitter:label2\" content=\"Availability\" \/>\n\t<meta name=\"twitter:data2\" content=\"In stock\" \/>\n<script type=\"application\/ld+json\" class=\"yoast-schema-graph\">{\"@context\":\"https:\/\/schema.org\",\"@graph\":[{\"@type\":\"WebPage\",\"@id\":\"https:\/\/www.vitrans-conveyor.com\/product\/timing-belt-conveyor-spare-part-upper-drive-unit\/\",\"url\":\"https:\/\/www.vitrans-conveyor.com\/product\/timing-belt-conveyor-spare-part-upper-drive-unit\/\",\"name\":\"Timing Belt Conveyor Spare Part| Upper Drive Unit - Vitrans\",\"isPartOf\":{\"@id\":\"https:\/\/www.vitrans-conveyor.com\/#website\"},\"primaryImageOfPage\":{\"@id\":\"https:\/\/www.vitrans-conveyor.com\/product\/timing-belt-conveyor-spare-part-upper-drive-unit\/#primaryimage\"},\"image\":{\"@id\":\"https:\/\/www.vitrans-conveyor.com\/product\/timing-belt-conveyor-spare-part-upper-drive-unit\/#primaryimage\"},\"thumbnailUrl\":\"https:\/\/www.vitrans-conveyor.com\/wp-content\/uploads\/2024\/07\/03-BC2\u540c\u6b65\u5e261280.7.png\",\"datePublished\":\"2024-07-01T09:46:59+00:00\",\"dateModified\":\"2026-01-04T06:32:36+00:00\",\"breadcrumb\":{\"@id\":\"https:\/\/www.vitrans-conveyor.com\/product\/timing-belt-conveyor-spare-part-upper-drive-unit\/#breadcrumb\"},\"inLanguage\":\"es-CL\",\"potentialAction\":[{\"@type\":\"ReadAction\",\"target\":[\"https:\/\/www.vitrans-conveyor.com\/product\/timing-belt-conveyor-spare-part-upper-drive-unit\/\"]}]},{\"@type\":\"ImageObject\",\"inLanguage\":\"es-CL\",\"@id\":\"https:\/\/www.vitrans-conveyor.com\/product\/timing-belt-conveyor-spare-part-upper-drive-unit\/#primaryimage\",\"url\":\"https:\/\/www.vitrans-conveyor.com\/wp-content\/uploads\/2024\/07\/03-BC2\u540c\u6b65\u5e261280.7.png\",\"contentUrl\":\"https:\/\/www.vitrans-conveyor.com\/wp-content\/uploads\/2024\/07\/03-BC2\u540c\u6b65\u5e261280.7.png\",\"width\":1280,\"height\":853},{\"@type\":\"BreadcrumbList\",\"@id\":\"https:\/\/www.vitrans-conveyor.com\/product\/timing-belt-conveyor-spare-part-upper-drive-unit\/#breadcrumb\",\"itemListElement\":[{\"@type\":\"ListItem\",\"position\":1,\"name\":\"Home\",\"item\":\"https:\/\/www.vitrans-conveyor.com\/\"},{\"@type\":\"ListItem\",\"position\":2,\"name\":\"Shop\",\"item\":\"https:\/\/www.vitrans-conveyor.com\/fr\/shop\/\"},{\"@type\":\"ListItem\",\"position\":3,\"name\":\"Timing Belt Conveyor Spare Part| Upper Drive Unit\"}]},{\"@type\":\"WebSite\",\"@id\":\"https:\/\/www.vitrans-conveyor.com\/#website\",\"url\":\"https:\/\/www.vitrans-conveyor.com\/\",\"name\":\"Vitrans\",\"description\":\"Vitrans-The world&#039;s leading automated line conveyor system\",\"publisher\":{\"@id\":\"https:\/\/www.vitrans-conveyor.com\/#organization\"},\"potentialAction\":[{\"@type\":\"SearchAction\",\"target\":{\"@type\":\"EntryPoint\",\"urlTemplate\":\"https:\/\/www.vitrans-conveyor.com\/?s={search_term_string}\"},\"query-input\":{\"@type\":\"PropertyValueSpecification\",\"valueRequired\":true,\"valueName\":\"search_term_string\"}}],\"inLanguage\":\"es-CL\"},{\"@type\":\"Organization\",\"@id\":\"https:\/\/www.vitrans-conveyor.com\/#organization\",\"name\":\"Vitrans\",\"url\":\"https:\/\/www.vitrans-conveyor.com\/\",\"logo\":{\"@type\":\"ImageObject\",\"inLanguage\":\"es-CL\",\"@id\":\"https:\/\/www.vitrans-conveyor.com\/#\/schema\/logo\/image\/\",\"url\":\"https:\/\/www.vitrans-conveyor.com\/wp-content\/uploads\/2024\/06\/2023-03-09-122815-e1719882885516.jpg\",\"contentUrl\":\"https:\/\/www.vitrans-conveyor.com\/wp-content\/uploads\/2024\/06\/2023-03-09-122815-e1719882885516.jpg\",\"width\":1060,\"height\":197,\"caption\":\"Vitrans\"},\"image\":{\"@id\":\"https:\/\/www.vitrans-conveyor.com\/#\/schema\/logo\/image\/\"},\"hasMerchantReturnPolicy\":{\"@type\":\"MerchantReturnPolicy\",\"merchantReturnLink\":\"https:\/\/www.vitrans-conveyor.com\/es\/privacy-policy-2\/\"}}]}<\/script>\n<meta property=\"product:price:amount\" content=\"5870.00\" \/>\n<meta property=\"product:price:currency\" content=\"USD\" \/>\n<meta property=\"og:availability\" content=\"instock\" \/>\n<meta property=\"product:availability\" content=\"instock\" \/>\n<meta property=\"product:condition\" content=\"new\" \/>\n<!-- \/ Yoast SEO Premium plugin. -->","yoast_head_json":{"title":"Pieza de repuesto para transportador de correa dentada | Unidad de accionamiento superior - Vitrans","robots":{"index":"index","follow":"follow","max-snippet":"max-snippet:-1","max-image-preview":"max-image-preview:large","max-video-preview":"max-video-preview:-1"},"canonical":"https:\/\/www.vitrans-conveyor.com\/es\/producto\/timing-belt-conveyor-spare-part-upper-drive-unit\/","og_locale":"es_ES","og_type":"article","og_title":"Timing Belt Conveyor Spare Part| Upper Drive Unit","og_description":"Model No.:\u00a0BC2-Spare-D Brand:\u00a0Vitrans Applicable Industry:\u00a0Manufacturing Plant, Other Out-of-warranty Service:\u00a0Video Technical Support, Online Support, Spare Parts Where To Provide Local Services (in Which Countries Are There Overseas Service Outlets):\u00a0United States, Viet Nam, India, Mexico, Malaysia, South Korea Showroom Location (in Which Countries Are There Sample Rooms Overseas):\u00a0None Status:\u00a0New Material:\u00a0Aluminium Structure:\u00a0Belt Conveyor Place Of Origin:\u00a0China Power (Watts):\u00a0Other...","og_url":"https:\/\/www.vitrans-conveyor.com\/es\/producto\/timing-belt-conveyor-spare-part-upper-drive-unit\/","og_site_name":"Vitrans","article_modified_time":"2026-01-04T06:32:36+00:00","og_image":[{"width":1280,"height":853,"url":"https:\/\/www.vitrans-conveyor.com\/wp-content\/uploads\/2024\/07\/03-BC2\u540c\u6b65\u5e261280.7.png","type":"image\/png"}],"twitter_card":"summary_large_image","twitter_misc":{"Price":"&#36;5,870.00","Availability":"In stock"},"schema":{"@context":"https:\/\/schema.org","@graph":[{"@type":"WebPage","@id":"https:\/\/www.vitrans-conveyor.com\/product\/timing-belt-conveyor-spare-part-upper-drive-unit\/","url":"https:\/\/www.vitrans-conveyor.com\/product\/timing-belt-conveyor-spare-part-upper-drive-unit\/","name":"Pieza de repuesto para transportador de correa dentada | Unidad de accionamiento superior - Vitrans","isPartOf":{"@id":"https:\/\/www.vitrans-conveyor.com\/#website"},"primaryImageOfPage":{"@id":"https:\/\/www.vitrans-conveyor.com\/product\/timing-belt-conveyor-spare-part-upper-drive-unit\/#primaryimage"},"image":{"@id":"https:\/\/www.vitrans-conveyor.com\/product\/timing-belt-conveyor-spare-part-upper-drive-unit\/#primaryimage"},"thumbnailUrl":"https:\/\/www.vitrans-conveyor.com\/wp-content\/uploads\/2024\/07\/03-BC2\u540c\u6b65\u5e261280.7.png","datePublished":"2024-07-01T09:46:59+00:00","dateModified":"2026-01-04T06:32:36+00:00","breadcrumb":{"@id":"https:\/\/www.vitrans-conveyor.com\/product\/timing-belt-conveyor-spare-part-upper-drive-unit\/#breadcrumb"},"inLanguage":"es-CL","potentialAction":[{"@type":"ReadAction","target":["https:\/\/www.vitrans-conveyor.com\/product\/timing-belt-conveyor-spare-part-upper-drive-unit\/"]}]},{"@type":"ImageObject","inLanguage":"es-CL","@id":"https:\/\/www.vitrans-conveyor.com\/product\/timing-belt-conveyor-spare-part-upper-drive-unit\/#primaryimage","url":"https:\/\/www.vitrans-conveyor.com\/wp-content\/uploads\/2024\/07\/03-BC2\u540c\u6b65\u5e261280.7.png","contentUrl":"https:\/\/www.vitrans-conveyor.com\/wp-content\/uploads\/2024\/07\/03-BC2\u540c\u6b65\u5e261280.7.png","width":1280,"height":853},{"@type":"BreadcrumbList","@id":"https:\/\/www.vitrans-conveyor.com\/product\/timing-belt-conveyor-spare-part-upper-drive-unit\/#breadcrumb","itemListElement":[{"@type":"ListItem","position":1,"name":"Home","item":"https:\/\/www.vitrans-conveyor.com\/"},{"@type":"ListItem","position":2,"name":"Shop","item":"https:\/\/www.vitrans-conveyor.com\/fr\/shop\/"},{"@type":"ListItem","position":3,"name":"Timing Belt Conveyor Spare Part| Upper Drive Unit"}]},{"@type":"WebSite","@id":"https:\/\/www.vitrans-conveyor.com\/#website","url":"https:\/\/www.vitrans-conveyor.com\/","name":"Vitrans","description":"Vitrans-El sistema de transporte en l\u00ednea automatizado l\u00edder en el mundo","publisher":{"@id":"https:\/\/www.vitrans-conveyor.com\/#organization"},"potentialAction":[{"@type":"SearchAction","target":{"@type":"EntryPoint","urlTemplate":"https:\/\/www.vitrans-conveyor.com\/?s={search_term_string}"},"query-input":{"@type":"PropertyValueSpecification","valueRequired":true,"valueName":"search_term_string"}}],"inLanguage":"es-CL"},{"@type":"Organization","@id":"https:\/\/www.vitrans-conveyor.com\/#organization","name":"Vitrans","url":"https:\/\/www.vitrans-conveyor.com\/","logo":{"@type":"ImageObject","inLanguage":"es-CL","@id":"https:\/\/www.vitrans-conveyor.com\/#\/schema\/logo\/image\/","url":"https:\/\/www.vitrans-conveyor.com\/wp-content\/uploads\/2024\/06\/2023-03-09-122815-e1719882885516.jpg","contentUrl":"https:\/\/www.vitrans-conveyor.com\/wp-content\/uploads\/2024\/06\/2023-03-09-122815-e1719882885516.jpg","width":1060,"height":197,"caption":"Vitrans"},"image":{"@id":"https:\/\/www.vitrans-conveyor.com\/#\/schema\/logo\/image\/"},"hasMerchantReturnPolicy":{"@type":"MerchantReturnPolicy","merchantReturnLink":"https:\/\/www.vitrans-conveyor.com\/es\/privacy-policy-2\/"}}]},"product_price_amount":"5870.00","product_price_currency":"USD","og_availability":"instock","product_availability":"instock","product_condition":"new"},"_links":{"self":[{"href":"https:\/\/www.vitrans-conveyor.com\/es\/wp-json\/wp\/v2\/product\/988107","targetHints":{"allow":["GET"]}}],"collection":[{"href":"https:\/\/www.vitrans-conveyor.com\/es\/wp-json\/wp\/v2\/product"}],"about":[{"href":"https:\/\/www.vitrans-conveyor.com\/es\/wp-json\/wp\/v2\/types\/product"}],"replies":[{"embeddable":true,"href":"https:\/\/www.vitrans-conveyor.com\/es\/wp-json\/wp\/v2\/comments?post=988107"}],"version-history":[{"count":0,"href":"https:\/\/www.vitrans-conveyor.com\/es\/wp-json\/wp\/v2\/product\/988107\/revisions"}],"wp:featuredmedia":[{"embeddable":true,"href":"https:\/\/www.vitrans-conveyor.com\/es\/wp-json\/wp\/v2\/media\/992913"}],"wp:attachment":[{"href":"https:\/\/www.vitrans-conveyor.com\/es\/wp-json\/wp\/v2\/media?parent=988107"}],"wp:term":[{"taxonomy":"product_cat","embeddable":true,"href":"https:\/\/www.vitrans-conveyor.com\/es\/wp-json\/wp\/v2\/product_cat?post=988107"},{"taxonomy":"product_tag","embeddable":true,"href":"https:\/\/www.vitrans-conveyor.com\/es\/wp-json\/wp\/v2\/product_tag?post=988107"}],"curies":[{"name":"wp","href":"https:\/\/api.w.org\/{rel}","templated":true}]}}