{"id":988103,"date":"2024-07-01T09:46:35","date_gmt":"2024-07-01T09:46:35","guid":{"rendered":"https:\/\/vitrans-conveyor.com\/product\/esd-conveyor-belt-regular-belt-conveyor-spare-part\/"},"modified":"2025-03-17T09:31:57","modified_gmt":"2025-03-17T09:31:57","slug":"esd-conveyor-belt-regular-belt-conveyor-spare-part","status":"publish","type":"product","link":"https:\/\/www.vitrans-conveyor.com\/fr\/product\/esd-conveyor-belt-regular-belt-conveyor-spare-part\/","title":{"rendered":"Bande transporteuse ESD | Bande transporteuse \u00e0 courroie ordinaire Pi\u00e8ce de rechange"},"content":{"rendered":"<div class=\"vgblk-rw-wrapper limit-wrapper\">\n<div>\n<p><span class=\"attr_title\" title=\"Num\u00e9ro de mod\u00e8le\">Num\u00e9ro de mod\u00e8le<\/span>:\u00a0<span class=\"attr_content\" title=\"FB-WXXX-LXXX-T2\">FB-WXXX-LXXX-T2<\/span><\/p>\n<p><span class=\"attr_title\" title=\"Marque\">Marque<\/span>:\u00a0<span class=\"attr_content\" title=\"Vitrans\">Vitrans<\/span><\/p>\n<p><span class=\"attr_title\" title=\"{Industrie concern\u00e9e}\">Industrie concern\u00e9e<\/span>:\u00a0<span class=\"attr_content\" title=\"Usine de fabrication, autres\">Usine de fabrication, autres<\/span><\/p>\n<p><span class=\"attr_title\" title=\"{Service hors garantie}\">Service hors garantie<\/span>:\u00a0<span class=\"attr_content\" title=\"Support technique vid\u00e9o, support en ligne, pi\u00e8ces d\u00e9tach\u00e9es\">Support technique vid\u00e9o, support en ligne, pi\u00e8ces d\u00e9tach\u00e9es<\/span><\/p>\n<p><span class=\"attr_title\" title=\"{ O\u00f9 fournir des services locaux (dans quels pays existe-t-il des points de service \u00e0 l&#039;\u00e9tranger) }\">O\u00f9 fournir des services locaux (dans quels pays existe-t-il des points de service \u00e0 l'\u00e9tranger) ?<\/span>:\u00a0<span class=\"attr_content\" title=\"\u00c9tats-Unis, Viet Nam, Indon\u00e9sie, Inde, Mexique, Espagne, Tha\u00eflande, Malaisie, Maroc, Cor\u00e9e du Sud\">\u00c9tats-Unis, Viet Nam, Indon\u00e9sie, Inde, Mexique, Espagne, Tha\u00eflande, Malaisie, Maroc, Cor\u00e9e du Sud<\/span><\/p>\n<p><span class=\"attr_title\" title=\"{ Emplacement de la salle d&#039;exposition (dans quels pays y a-t-il des salles d&#039;\u00e9chantillons \u00e0 l&#039;\u00e9tranger) }\">Emplacement de la salle d'exposition (dans quels pays y a-t-il des salles d'\u00e9chantillons \u00e0 l'\u00e9tranger)<\/span>:\u00a0<span class=\"attr_content\" title=\"Aucun\">Aucun<\/span><\/p>\n<p><span class=\"attr_title\" title=\"{ Statut}\">Statut<\/span>:\u00a0<span class=\"attr_content\" title=\"Nouveau\">Nouveau<\/span><\/p>\n<p><span class=\"attr_title\" title=\"{Mat\u00e9riel}\">Mat\u00e9riau<\/span>:\u00a0<span class=\"attr_content\" title=\"Caoutchouc\">Caoutchouc<\/span><\/p>\n<p><span class=\"attr_title\" title=\"{Structure}\">Structure<\/span>:\u00a0<span class=\"attr_content\" title=\"Convoyeur \u00e0 bande\">Convoyeur \u00e0 bande<\/span><\/p>\n<p><span class=\"attr_title\" title=\"{Lieu d&#039;origine}\">Lieu d'origine<\/span>:\u00a0<span class=\"attr_content\" title=\"Chine\">Chine<\/span><\/p>\n<p><span class=\"attr_title\" title=\"{P\u00e9riode de garantie}\">P\u00e9riode de garantie<\/span>:\u00a0<span class=\"attr_content\" title=\"1 an\">1 an<\/span><\/p>\n<p><span class=\"attr_title\" title=\"{Rapport d&#039;essai m\u00e9canique}\">Rapport d'essai m\u00e9canique<\/span>:\u00a0<span class=\"attr_content\" title=\"Fourni\">Fourni<\/span><\/p>\n<p><span class=\"attr_title\" title=\"{Inspection vid\u00e9o en usine}\">Inspection vid\u00e9o de l'usine<\/span>:\u00a0<span class=\"attr_content\" title=\"Fourni\">Fourni<\/span><\/p>\n<p><span class=\"attr_title\" title=\"{Type de marketing}\">Type de marketing<\/span>:\u00a0<span class=\"attr_content\" title=\"Autres\">Autres<\/span><\/p>\n<p><span class=\"attr_title\" title=\"{P\u00e9riode de garantie des composants de base}\">P\u00e9riode de garantie des composants de base<\/span>:\u00a0<span class=\"attr_content\" title=\"1 an\">1 an<\/span><\/p>\n<p><span class=\"attr_title\" title=\"{Type de ceinture}\">Type de ceinture<\/span>:\u00a0<span class=\"attr_content\" title=\"Ceinture plate\">Ceinture plate<\/span><\/p>\n<p><span class=\"attr_title\" title=\"{ Largeur de la ceinture}\">Largeur de la bande<\/span>:\u00a0<span class=\"attr_content\" title=\"Sur mesure\">Sur mesure<\/span><\/p>\n<\/div>\n<\/div>\n<p><!-- .vgblk-rw-wrapper --><\/p>","protected":false},"excerpt":{"rendered":"<p>Model No.:\u00a0FB-WXXX-LXXX-T2 Brand:\u00a0Vitrans Applicable Industry:\u00a0Manufacturing Plant, Other Out-of-warranty Service:\u00a0Video Technical Support, Online Support, Spare Parts Where To Provide Local Services (in Which Countries Are There Overseas Service Outlets):\u00a0United States, Viet Nam, Indonesia, India, Mexico, Spain, Thailand, Malaysia, Morocco, South Korea Showroom Location (in Which Countries Are There Sample Rooms Overseas):\u00a0None Status:\u00a0New Material:\u00a0Rubber Structure:\u00a0Belt Conveyor Place&#8230;<\/p>","protected":false},"featured_media":991775,"comment_status":"closed","ping_status":"closed","template":"","meta":[],"product_cat":[127],"product_tag":[],"class_list":{"0":"post-988103","1":"product","2":"type-product","3":"status-publish","4":"has-post-thumbnail","6":"product_cat-parts","8":"first","9":"instock","10":"shipping-taxable","11":"purchasable","12":"product-type-simple"},"yoast_head":"<!-- This site is optimized with the Yoast SEO Premium plugin v23.2 (Yoast SEO v24.8.1) - https:\/\/yoast.com\/wordpress\/plugins\/seo\/ -->\n<title>ESD Conveyor Belt | Regular Belt Conveyor Spare Part - Vitrans<\/title>\n<meta name=\"robots\" content=\"index, follow, max-snippet:-1, max-image-preview:large, max-video-preview:-1\" \/>\n<link rel=\"canonical\" href=\"https:\/\/www.vitrans-conveyor.com\/fr\/produit\/esd-conveyor-belt-regular-belt-conveyor-spare-part\/\" \/>\n<meta property=\"og:locale\" content=\"fr_CA\" \/>\n<meta property=\"og:type\" content=\"article\" \/>\n<meta property=\"og:title\" content=\"ESD Conveyor Belt | Regular Belt Conveyor Spare Part\" \/>\n<meta property=\"og:description\" content=\"Model No.:\u00a0FB-WXXX-LXXX-T2 Brand:\u00a0Vitrans Applicable Industry:\u00a0Manufacturing Plant, Other Out-of-warranty Service:\u00a0Video Technical Support, Online Support, Spare Parts Where To Provide Local Services (in Which Countries Are There Overseas Service Outlets):\u00a0United States, Viet Nam, Indonesia, India, Mexico, Spain, Thailand, Malaysia, Morocco, South Korea Showroom Location (in Which Countries Are There Sample Rooms Overseas):\u00a0None Status:\u00a0New Material:\u00a0Rubber Structure:\u00a0Belt Conveyor Place...\" \/>\n<meta property=\"og:url\" content=\"https:\/\/www.vitrans-conveyor.com\/fr\/produit\/esd-conveyor-belt-regular-belt-conveyor-spare-part\/\" \/>\n<meta property=\"og:site_name\" content=\"Vitrans\" \/>\n<meta property=\"article:modified_time\" content=\"2025-03-17T09:31:57+00:00\" \/>\n<meta property=\"og:image\" content=\"https:\/\/www.vitrans-conveyor.com\/wp-content\/uploads\/2024\/07\/ESD-Conveyor-Belt-_-Regular-Belt-Conveyor-Spare-Part.jpeg\" \/>\n\t<meta property=\"og:image:width\" content=\"2000\" \/>\n\t<meta property=\"og:image:height\" content=\"2000\" \/>\n\t<meta property=\"og:image:type\" content=\"image\/jpeg\" \/>\n<meta name=\"twitter:card\" content=\"summary_large_image\" \/>\n<meta name=\"twitter:label1\" content=\"Price\" \/>\n\t<meta name=\"twitter:data1\" content=\"&#036;5,880.00\" \/>\n\t<meta name=\"twitter:label2\" content=\"Availability\" \/>\n\t<meta name=\"twitter:data2\" content=\"In stock\" \/>\n<script type=\"application\/ld+json\" class=\"yoast-schema-graph\">{\"@context\":\"https:\/\/schema.org\",\"@graph\":[{\"@type\":\"WebPage\",\"@id\":\"https:\/\/www.vitrans-conveyor.com\/de\/produkt\/esd-conveyor-belt-regular-belt-conveyor-spare-part\/\",\"url\":\"https:\/\/www.vitrans-conveyor.com\/de\/produkt\/esd-conveyor-belt-regular-belt-conveyor-spare-part\/\",\"name\":\"ESD Conveyor Belt | Regular Belt Conveyor Spare Part - Vitrans\",\"isPartOf\":{\"@id\":\"https:\/\/www.vitrans-conveyor.com\/#website\"},\"primaryImageOfPage\":{\"@id\":\"https:\/\/www.vitrans-conveyor.com\/de\/produkt\/esd-conveyor-belt-regular-belt-conveyor-spare-part\/#primaryimage\"},\"image\":{\"@id\":\"https:\/\/www.vitrans-conveyor.com\/de\/produkt\/esd-conveyor-belt-regular-belt-conveyor-spare-part\/#primaryimage\"},\"thumbnailUrl\":\"https:\/\/www.vitrans-conveyor.com\/wp-content\/uploads\/2024\/07\/ESD-Conveyor-Belt-_-Regular-Belt-Conveyor-Spare-Part.jpeg\",\"datePublished\":\"2024-07-01T09:46:35+00:00\",\"dateModified\":\"2025-03-17T09:31:57+00:00\",\"breadcrumb\":{\"@id\":\"https:\/\/www.vitrans-conveyor.com\/de\/produkt\/esd-conveyor-belt-regular-belt-conveyor-spare-part\/#breadcrumb\"},\"inLanguage\":\"fr-CA\",\"potentialAction\":[{\"@type\":\"ReadAction\",\"target\":[\"https:\/\/www.vitrans-conveyor.com\/de\/produkt\/esd-conveyor-belt-regular-belt-conveyor-spare-part\/\"]}]},{\"@type\":\"ImageObject\",\"inLanguage\":\"fr-CA\",\"@id\":\"https:\/\/www.vitrans-conveyor.com\/de\/produkt\/esd-conveyor-belt-regular-belt-conveyor-spare-part\/#primaryimage\",\"url\":\"https:\/\/www.vitrans-conveyor.com\/wp-content\/uploads\/2024\/07\/ESD-Conveyor-Belt-_-Regular-Belt-Conveyor-Spare-Part.jpeg\",\"contentUrl\":\"https:\/\/www.vitrans-conveyor.com\/wp-content\/uploads\/2024\/07\/ESD-Conveyor-Belt-_-Regular-Belt-Conveyor-Spare-Part.jpeg\",\"width\":2000,\"height\":2000,\"caption\":\"ESD Conveyor Belt | Regular Belt Conveyor Spare Part\"},{\"@type\":\"BreadcrumbList\",\"@id\":\"https:\/\/www.vitrans-conveyor.com\/de\/produkt\/esd-conveyor-belt-regular-belt-conveyor-spare-part\/#breadcrumb\",\"itemListElement\":[{\"@type\":\"ListItem\",\"position\":1,\"name\":\"Home\",\"item\":\"https:\/\/www.vitrans-conveyor.com\/\"},{\"@type\":\"ListItem\",\"position\":2,\"name\":\"Shop\",\"item\":\"https:\/\/www.vitrans-conveyor.com\/fr\/shop\/\"},{\"@type\":\"ListItem\",\"position\":3,\"name\":\"ESD Conveyor Belt | Regular Belt Conveyor Spare Part\"}]},{\"@type\":\"WebSite\",\"@id\":\"https:\/\/www.vitrans-conveyor.com\/#website\",\"url\":\"https:\/\/www.vitrans-conveyor.com\/\",\"name\":\"Vitrans\",\"description\":\"Vitrans-The world&#039;s leading automated line conveyor system\",\"publisher\":{\"@id\":\"https:\/\/www.vitrans-conveyor.com\/#organization\"},\"potentialAction\":[{\"@type\":\"SearchAction\",\"target\":{\"@type\":\"EntryPoint\",\"urlTemplate\":\"https:\/\/www.vitrans-conveyor.com\/?s={search_term_string}\"},\"query-input\":{\"@type\":\"PropertyValueSpecification\",\"valueRequired\":true,\"valueName\":\"search_term_string\"}}],\"inLanguage\":\"fr-CA\"},{\"@type\":\"Organization\",\"@id\":\"https:\/\/www.vitrans-conveyor.com\/#organization\",\"name\":\"Vitrans\",\"url\":\"https:\/\/www.vitrans-conveyor.com\/\",\"logo\":{\"@type\":\"ImageObject\",\"inLanguage\":\"fr-CA\",\"@id\":\"https:\/\/www.vitrans-conveyor.com\/#\/schema\/logo\/image\/\",\"url\":\"https:\/\/www.vitrans-conveyor.com\/wp-content\/uploads\/2024\/06\/2023-03-09-122815-e1719882885516.jpg\",\"contentUrl\":\"https:\/\/www.vitrans-conveyor.com\/wp-content\/uploads\/2024\/06\/2023-03-09-122815-e1719882885516.jpg\",\"width\":1060,\"height\":197,\"caption\":\"Vitrans\"},\"image\":{\"@id\":\"https:\/\/www.vitrans-conveyor.com\/#\/schema\/logo\/image\/\"},\"hasMerchantReturnPolicy\":{\"@type\":\"MerchantReturnPolicy\",\"merchantReturnLink\":\"https:\/\/www.vitrans-conveyor.com\/fr\/privacy-policy-2\/\"}}]}<\/script>\n<meta property=\"product:price:amount\" content=\"5880.00\" \/>\n<meta property=\"product:price:currency\" content=\"USD\" \/>\n<meta property=\"og:availability\" content=\"instock\" \/>\n<meta property=\"product:availability\" content=\"instock\" \/>\n<meta property=\"product:condition\" content=\"new\" \/>\n<!-- \/ Yoast SEO Premium plugin. -->","yoast_head_json":{"title":"ESD Conveyor Belt | Regular Belt Conveyor Spare Part - Vitrans","robots":{"index":"index","follow":"follow","max-snippet":"max-snippet:-1","max-image-preview":"max-image-preview:large","max-video-preview":"max-video-preview:-1"},"canonical":"https:\/\/www.vitrans-conveyor.com\/fr\/produit\/esd-conveyor-belt-regular-belt-conveyor-spare-part\/","og_locale":"fr_CA","og_type":"article","og_title":"ESD Conveyor Belt | Regular Belt Conveyor Spare Part","og_description":"Model No.:\u00a0FB-WXXX-LXXX-T2 Brand:\u00a0Vitrans Applicable Industry:\u00a0Manufacturing Plant, Other Out-of-warranty Service:\u00a0Video Technical Support, Online Support, Spare Parts Where To Provide Local Services (in Which Countries Are There Overseas Service Outlets):\u00a0United States, Viet Nam, Indonesia, India, Mexico, Spain, Thailand, Malaysia, Morocco, South Korea Showroom Location (in Which Countries Are There Sample Rooms Overseas):\u00a0None Status:\u00a0New Material:\u00a0Rubber Structure:\u00a0Belt Conveyor Place...","og_url":"https:\/\/www.vitrans-conveyor.com\/fr\/produit\/esd-conveyor-belt-regular-belt-conveyor-spare-part\/","og_site_name":"Vitrans","article_modified_time":"2025-03-17T09:31:57+00:00","og_image":[{"width":2000,"height":2000,"url":"https:\/\/www.vitrans-conveyor.com\/wp-content\/uploads\/2024\/07\/ESD-Conveyor-Belt-_-Regular-Belt-Conveyor-Spare-Part.jpeg","type":"image\/jpeg"}],"twitter_card":"summary_large_image","twitter_misc":{"Price":"&#36;5,880.00","Availability":"In stock"},"schema":{"@context":"https:\/\/schema.org","@graph":[{"@type":"WebPage","@id":"https:\/\/www.vitrans-conveyor.com\/de\/produkt\/esd-conveyor-belt-regular-belt-conveyor-spare-part\/","url":"https:\/\/www.vitrans-conveyor.com\/de\/produkt\/esd-conveyor-belt-regular-belt-conveyor-spare-part\/","name":"ESD Conveyor Belt | Regular Belt Conveyor Spare Part - Vitrans","isPartOf":{"@id":"https:\/\/www.vitrans-conveyor.com\/#website"},"primaryImageOfPage":{"@id":"https:\/\/www.vitrans-conveyor.com\/de\/produkt\/esd-conveyor-belt-regular-belt-conveyor-spare-part\/#primaryimage"},"image":{"@id":"https:\/\/www.vitrans-conveyor.com\/de\/produkt\/esd-conveyor-belt-regular-belt-conveyor-spare-part\/#primaryimage"},"thumbnailUrl":"https:\/\/www.vitrans-conveyor.com\/wp-content\/uploads\/2024\/07\/ESD-Conveyor-Belt-_-Regular-Belt-Conveyor-Spare-Part.jpeg","datePublished":"2024-07-01T09:46:35+00:00","dateModified":"2025-03-17T09:31:57+00:00","breadcrumb":{"@id":"https:\/\/www.vitrans-conveyor.com\/de\/produkt\/esd-conveyor-belt-regular-belt-conveyor-spare-part\/#breadcrumb"},"inLanguage":"fr-CA","potentialAction":[{"@type":"ReadAction","target":["https:\/\/www.vitrans-conveyor.com\/de\/produkt\/esd-conveyor-belt-regular-belt-conveyor-spare-part\/"]}]},{"@type":"ImageObject","inLanguage":"fr-CA","@id":"https:\/\/www.vitrans-conveyor.com\/de\/produkt\/esd-conveyor-belt-regular-belt-conveyor-spare-part\/#primaryimage","url":"https:\/\/www.vitrans-conveyor.com\/wp-content\/uploads\/2024\/07\/ESD-Conveyor-Belt-_-Regular-Belt-Conveyor-Spare-Part.jpeg","contentUrl":"https:\/\/www.vitrans-conveyor.com\/wp-content\/uploads\/2024\/07\/ESD-Conveyor-Belt-_-Regular-Belt-Conveyor-Spare-Part.jpeg","width":2000,"height":2000,"caption":"ESD Conveyor Belt | Regular Belt Conveyor Spare Part"},{"@type":"BreadcrumbList","@id":"https:\/\/www.vitrans-conveyor.com\/de\/produkt\/esd-conveyor-belt-regular-belt-conveyor-spare-part\/#breadcrumb","itemListElement":[{"@type":"ListItem","position":1,"name":"Home","item":"https:\/\/www.vitrans-conveyor.com\/"},{"@type":"ListItem","position":2,"name":"Shop","item":"https:\/\/www.vitrans-conveyor.com\/fr\/shop\/"},{"@type":"ListItem","position":3,"name":"ESD Conveyor Belt | Regular Belt Conveyor Spare Part"}]},{"@type":"WebSite","@id":"https:\/\/www.vitrans-conveyor.com\/#website","url":"https:\/\/www.vitrans-conveyor.com\/","name":"Vitrans","description":"Vitrans - Le premier syst\u00e8me de convoyage automatis\u00e9 au monde","publisher":{"@id":"https:\/\/www.vitrans-conveyor.com\/#organization"},"potentialAction":[{"@type":"SearchAction","target":{"@type":"EntryPoint","urlTemplate":"https:\/\/www.vitrans-conveyor.com\/?s={search_term_string}"},"query-input":{"@type":"PropertyValueSpecification","valueRequired":true,"valueName":"search_term_string"}}],"inLanguage":"fr-CA"},{"@type":"Organization","@id":"https:\/\/www.vitrans-conveyor.com\/#organization","name":"Vitrans","url":"https:\/\/www.vitrans-conveyor.com\/","logo":{"@type":"ImageObject","inLanguage":"fr-CA","@id":"https:\/\/www.vitrans-conveyor.com\/#\/schema\/logo\/image\/","url":"https:\/\/www.vitrans-conveyor.com\/wp-content\/uploads\/2024\/06\/2023-03-09-122815-e1719882885516.jpg","contentUrl":"https:\/\/www.vitrans-conveyor.com\/wp-content\/uploads\/2024\/06\/2023-03-09-122815-e1719882885516.jpg","width":1060,"height":197,"caption":"Vitrans"},"image":{"@id":"https:\/\/www.vitrans-conveyor.com\/#\/schema\/logo\/image\/"},"hasMerchantReturnPolicy":{"@type":"MerchantReturnPolicy","merchantReturnLink":"https:\/\/www.vitrans-conveyor.com\/fr\/privacy-policy-2\/"}}]},"product_price_amount":"5880.00","product_price_currency":"USD","og_availability":"instock","product_availability":"instock","product_condition":"new"},"_links":{"self":[{"href":"https:\/\/www.vitrans-conveyor.com\/fr\/wp-json\/wp\/v2\/product\/988103","targetHints":{"allow":["GET"]}}],"collection":[{"href":"https:\/\/www.vitrans-conveyor.com\/fr\/wp-json\/wp\/v2\/product"}],"about":[{"href":"https:\/\/www.vitrans-conveyor.com\/fr\/wp-json\/wp\/v2\/types\/product"}],"replies":[{"embeddable":true,"href":"https:\/\/www.vitrans-conveyor.com\/fr\/wp-json\/wp\/v2\/comments?post=988103"}],"version-history":[{"count":0,"href":"https:\/\/www.vitrans-conveyor.com\/fr\/wp-json\/wp\/v2\/product\/988103\/revisions"}],"wp:featuredmedia":[{"embeddable":true,"href":"https:\/\/www.vitrans-conveyor.com\/fr\/wp-json\/wp\/v2\/media\/991775"}],"wp:attachment":[{"href":"https:\/\/www.vitrans-conveyor.com\/fr\/wp-json\/wp\/v2\/media?parent=988103"}],"wp:term":[{"taxonomy":"product_cat","embeddable":true,"href":"https:\/\/www.vitrans-conveyor.com\/fr\/wp-json\/wp\/v2\/product_cat?post=988103"},{"taxonomy":"product_tag","embeddable":true,"href":"https:\/\/www.vitrans-conveyor.com\/fr\/wp-json\/wp\/v2\/product_tag?post=988103"}],"curies":[{"name":"wp","href":"https:\/\/api.w.org\/{rel}","templated":true}]}}