{"id":988101,"date":"2024-07-01T09:46:22","date_gmt":"2024-07-01T09:46:22","guid":{"rendered":"https:\/\/vitrans-conveyor.com\/product\/servo-pallet-conveyor-elevator-lifter-spare-part\/"},"modified":"2026-01-04T06:04:58","modified_gmt":"2026-01-04T06:04:58","slug":"servo-pallet-conveyor-elevator-lifter-spare-part","status":"publish","type":"product","link":"https:\/\/www.vitrans-conveyor.com\/pt\/product\/servo-pallet-conveyor-elevator-lifter-spare-part\/","title":{"rendered":"Transportador de paletes Servo Elevador | Pe\u00e7a sobressalente do elevador"},"content":{"rendered":"<div class=\"vgblk-rw-wrapper limit-wrapper\">\n<div>\n<p><span class=\"attr_title\" title=\"Modelo n.\">Modelo n.<\/span>:\u00a0<span class=\"attr_content\" title=\"LP\/S-S\">LP\/S-S<\/span><\/p>\n<p><span class=\"attr_title\" title=\"Marca\">Marca<\/span>:\u00a0<span class=\"attr_content\" title=\"Vitrans\">Vitrans<\/span><\/p>\n<p><span class=\"attr_title\" title=\"{Setor de atividade aplic\u00e1vel}\">Setor aplic\u00e1vel<\/span>:\u00a0<span class=\"attr_content\" title=\"Instala\u00e7\u00f5es de fabrico, outras\">Instala\u00e7\u00f5es de fabrico, outras<\/span><\/p>\n<p><span class=\"attr_title\" title=\"{Servi\u00e7o fora da garantia}\">Servi\u00e7o fora de garantia<\/span>:\u00a0<span class=\"attr_content\" title=\"Spare Parts, Video Technical Support, Online Support\">Spare Parts, Video Technical Support, Online Support<\/span><\/p>\n<p><span class=\"attr_title\" title=\"{Onde fornecer servi\u00e7os locais (em que pa\u00edses existem pontos de venda de servi\u00e7os no estrangeiro)\">Onde prestar servi\u00e7os locais (em que pa\u00edses existem pontos de venda de servi\u00e7os no estrangeiro)<\/span>:\u00a0<span class=\"attr_content\" title=\"United States, Viet Nam, Indonesia, India, Mexico, Spain, Malaysia, Thailand, Morocco, South Africa\">United States, Viet Nam, Indonesia, India, Mexico, Spain, Malaysia, Thailand, Morocco, South Africa<\/span><\/p>\n<p><span class=\"attr_title\" title=\"{Localiza\u00e7\u00e3o da sala de exposi\u00e7\u00e3o (em que pa\u00edses existem salas de amostra no estrangeiro)}\">Localiza\u00e7\u00e3o da sala de exposi\u00e7\u00e3o (em que pa\u00edses existem salas de amostra no estrangeiro)<\/span>:\u00a0<span class=\"attr_content\" title=\"Nenhum\">Nenhum<\/span><\/p>\n<p><span class=\"attr_title\" title=\"{Estado}\">Estado<\/span>:\u00a0<span class=\"attr_content\" title=\"Novo\">Novo<\/span><\/p>\n<p><span class=\"attr_title\" title=\"{Material}\">Material<\/span>:\u00a0<span class=\"attr_content\" title=\"Alum\u00ednio\">Alum\u00ednio<\/span><\/p>\n<p><span class=\"attr_title\" title=\"{Estrutura}\">Estrutura<\/span>:\u00a0<span class=\"attr_content\" title=\"Sistema de transporte\">Sistema de transporte<\/span><\/p>\n<p><span class=\"attr_title\" title=\"{Local de origem}\">Local de origem<\/span>:\u00a0<span class=\"attr_content\" title=\"China\">China<\/span><\/p>\n<p><span class=\"attr_title\" title=\"{ Pot\u00eancia (Watts)}\">Pot\u00eancia (Watts)<\/span>:\u00a0<span class=\"attr_content\" title=\"Outros\">Outros<\/span><\/p>\n<p><span class=\"attr_title\" title=\"{Per\u00edodo de garantia}\">Per\u00edodo de garantia<\/span>:\u00a0<span class=\"attr_content\" title=\"1 ano\">1 ano<\/span><\/p>\n<p><span class=\"attr_title\" title=\"{Relat\u00f3rio de ensaio mec\u00e2nico}\">Relat\u00f3rio de ensaio mec\u00e2nico<\/span>:\u00a0<span class=\"attr_content\" title=\"Fornecido\">Fornecido<\/span><\/p>\n<p><span class=\"attr_title\" title=\"{Inspe\u00e7\u00e3o de f\u00e1brica em v\u00eddeo}\">Inspe\u00e7\u00e3o v\u00eddeo da f\u00e1brica<\/span>:\u00a0<span class=\"attr_content\" title=\"Fornecido\">Fornecido<\/span><\/p>\n<p><span class=\"attr_title\" title=\"{Tipo de marketing}\">Tipo de marketing<\/span>:\u00a0<span class=\"attr_content\" title=\"Outros\">Outros<\/span><\/p>\n<p><span class=\"attr_title\" title=\"{Per\u00edodo de garantia dos componentes principais}\">Per\u00edodo de garantia do componente principal<\/span>:\u00a0<span class=\"attr_content\" title=\"1 ano\">1 ano<\/span><\/p>\n<p><span class=\"attr_title\" title=\"{Componentes principais}\">Componentes principais<\/span>:\u00a0<span class=\"attr_content\" title=\"Outros\">Outros<\/span><\/p>\n<p><span class=\"attr_title\" title=\"{Tipo de produto}\">Tipo de produto<\/span>:\u00a0<span class=\"attr_content\" title=\"Pe\u00e7a de substitui\u00e7\u00e3o\">Pe\u00e7a de substitui\u00e7\u00e3o<\/span><\/p>\n<p><span class=\"attr_title\" title=\"{Pe\u00e7a \u00fanica\/montagem}\">Pe\u00e7a \u00fanica\/montagem<\/span>:\u00a0<span class=\"attr_content\" title=\"Pe\u00e7a \u00fanica\">Pe\u00e7a \u00fanica<\/span><\/p>\n<\/div>\n<\/div>\n<p><!-- .vgblk-rw-wrapper --><\/p>","protected":false},"excerpt":{"rendered":"<p>Model No.:\u00a0LP\/S-S Brand:\u00a0Vitrans Applicable Industry:\u00a0Manufacturing Plant, Other Out-of-warranty Service:\u00a0Spare Parts, Video Technical Support, Online Support Where To Provide Local Services (in Which Countries Are There Overseas Service Outlets):\u00a0United States, Viet Nam, Indonesia, India, Mexico, Spain, Malaysia, Thailand, Morocco, South Africa Showroom Location (in Which Countries Are There Sample Rooms Overseas):\u00a0None Status:\u00a0New Material:\u00a0Aluminium Structure:\u00a0Conveyor System Place&#8230;<\/p>","protected":false},"featured_media":992909,"comment_status":"closed","ping_status":"closed","template":"","meta":[],"product_cat":[127],"product_tag":[],"class_list":{"0":"post-988101","1":"product","2":"type-product","3":"status-publish","4":"has-post-thumbnail","6":"product_cat-parts","8":"first","9":"instock","10":"shipping-taxable","11":"purchasable","12":"product-type-simple"},"yoast_head":"<!-- This site is optimized with the Yoast SEO Premium plugin v23.2 (Yoast SEO v24.8.1) - https:\/\/yoast.com\/wordpress\/plugins\/seo\/ -->\n<title>Servo Pallet Conveyor Elevator | Lifter Spare Part - Vitrans<\/title>\n<meta name=\"robots\" content=\"index, follow, max-snippet:-1, max-image-preview:large, max-video-preview:-1\" \/>\n<link rel=\"canonical\" href=\"https:\/\/www.vitrans-conveyor.com\/pt\/produto\/servo-pallet-conveyor-elevator-lifter-spare-part\/\" \/>\n<meta property=\"og:locale\" content=\"pt_PT\" \/>\n<meta property=\"og:type\" content=\"article\" \/>\n<meta property=\"og:title\" content=\"Servo Pallet Conveyor Elevator | Lifter Spare Part\" \/>\n<meta property=\"og:description\" content=\"Model No.:\u00a0LP\/S-S Brand:\u00a0Vitrans Applicable Industry:\u00a0Manufacturing Plant, Other Out-of-warranty Service:\u00a0Spare Parts, Video Technical Support, Online Support Where To Provide Local Services (in Which Countries Are There Overseas Service Outlets):\u00a0United States, Viet Nam, Indonesia, India, Mexico, Spain, Malaysia, Thailand, Morocco, South Africa Showroom Location (in Which Countries Are There Sample Rooms Overseas):\u00a0None Status:\u00a0New Material:\u00a0Aluminium Structure:\u00a0Conveyor System Place...\" \/>\n<meta property=\"og:url\" content=\"https:\/\/www.vitrans-conveyor.com\/pt\/produto\/servo-pallet-conveyor-elevator-lifter-spare-part\/\" \/>\n<meta property=\"og:site_name\" content=\"Vitrans\" \/>\n<meta property=\"article:modified_time\" content=\"2026-01-04T06:04:58+00:00\" \/>\n<meta property=\"og:image\" content=\"https:\/\/www.vitrans-conveyor.com\/wp-content\/uploads\/2024\/07\/08-\u540c\u6b65\u5e26\u63d0\u5347\u673a1280.1.png\" \/>\n\t<meta property=\"og:image:width\" content=\"1280\" \/>\n\t<meta property=\"og:image:height\" content=\"1280\" \/>\n\t<meta property=\"og:image:type\" content=\"image\/png\" \/>\n<meta name=\"twitter:card\" content=\"summary_large_image\" \/>\n<meta name=\"twitter:label1\" content=\"pre\u00e7o\" \/>\n\t<meta name=\"twitter:data1\" content=\"&#036;5,830.00\" \/>\n\t<meta name=\"twitter:label2\" content=\"Disponibilidade\" \/>\n\t<meta name=\"twitter:data2\" content=\"Em stock\" \/>\n<script type=\"application\/ld+json\" class=\"yoast-schema-graph\">{\"@context\":\"https:\/\/schema.org\",\"@graph\":[{\"@type\":\"WebPage\",\"@id\":\"https:\/\/www.vitrans-conveyor.com\/product\/servo-pallet-conveyor-elevator-lifter-spare-part\/\",\"url\":\"https:\/\/www.vitrans-conveyor.com\/product\/servo-pallet-conveyor-elevator-lifter-spare-part\/\",\"name\":\"Servo Pallet Conveyor Elevator | Lifter Spare Part - Vitrans\",\"isPartOf\":{\"@id\":\"https:\/\/www.vitrans-conveyor.com\/#website\"},\"primaryImageOfPage\":{\"@id\":\"https:\/\/www.vitrans-conveyor.com\/product\/servo-pallet-conveyor-elevator-lifter-spare-part\/#primaryimage\"},\"image\":{\"@id\":\"https:\/\/www.vitrans-conveyor.com\/product\/servo-pallet-conveyor-elevator-lifter-spare-part\/#primaryimage\"},\"thumbnailUrl\":\"https:\/\/www.vitrans-conveyor.com\/wp-content\/uploads\/2024\/07\/08-\u540c\u6b65\u5e26\u63d0\u5347\u673a1280.1.png\",\"datePublished\":\"2024-07-01T09:46:22+00:00\",\"dateModified\":\"2026-01-04T06:04:58+00:00\",\"breadcrumb\":{\"@id\":\"https:\/\/www.vitrans-conveyor.com\/product\/servo-pallet-conveyor-elevator-lifter-spare-part\/#breadcrumb\"},\"inLanguage\":\"pt-PT\",\"potentialAction\":[{\"@type\":\"ReadAction\",\"target\":[\"https:\/\/www.vitrans-conveyor.com\/product\/servo-pallet-conveyor-elevator-lifter-spare-part\/\"]}]},{\"@type\":\"ImageObject\",\"inLanguage\":\"pt-PT\",\"@id\":\"https:\/\/www.vitrans-conveyor.com\/product\/servo-pallet-conveyor-elevator-lifter-spare-part\/#primaryimage\",\"url\":\"https:\/\/www.vitrans-conveyor.com\/wp-content\/uploads\/2024\/07\/08-\u540c\u6b65\u5e26\u63d0\u5347\u673a1280.1.png\",\"contentUrl\":\"https:\/\/www.vitrans-conveyor.com\/wp-content\/uploads\/2024\/07\/08-\u540c\u6b65\u5e26\u63d0\u5347\u673a1280.1.png\",\"width\":1280,\"height\":1280},{\"@type\":\"BreadcrumbList\",\"@id\":\"https:\/\/www.vitrans-conveyor.com\/product\/servo-pallet-conveyor-elevator-lifter-spare-part\/#breadcrumb\",\"itemListElement\":[{\"@type\":\"ListItem\",\"position\":1,\"name\":\"Home\",\"item\":\"https:\/\/www.vitrans-conveyor.com\/\"},{\"@type\":\"ListItem\",\"position\":2,\"name\":\"Shop\",\"item\":\"https:\/\/www.vitrans-conveyor.com\/fr\/shop\/\"},{\"@type\":\"ListItem\",\"position\":3,\"name\":\"Servo Pallet Conveyor Elevator | Lifter Spare Part\"}]},{\"@type\":\"WebSite\",\"@id\":\"https:\/\/www.vitrans-conveyor.com\/#website\",\"url\":\"https:\/\/www.vitrans-conveyor.com\/\",\"name\":\"Vitrans\",\"description\":\"Vitrans-The world&#039;s leading automated line conveyor system\",\"publisher\":{\"@id\":\"https:\/\/www.vitrans-conveyor.com\/#organization\"},\"potentialAction\":[{\"@type\":\"SearchAction\",\"target\":{\"@type\":\"EntryPoint\",\"urlTemplate\":\"https:\/\/www.vitrans-conveyor.com\/?s={search_term_string}\"},\"query-input\":{\"@type\":\"PropertyValueSpecification\",\"valueRequired\":true,\"valueName\":\"search_term_string\"}}],\"inLanguage\":\"pt-PT\"},{\"@type\":\"Organization\",\"@id\":\"https:\/\/www.vitrans-conveyor.com\/#organization\",\"name\":\"Vitrans\",\"url\":\"https:\/\/www.vitrans-conveyor.com\/\",\"logo\":{\"@type\":\"ImageObject\",\"inLanguage\":\"pt-PT\",\"@id\":\"https:\/\/www.vitrans-conveyor.com\/#\/schema\/logo\/image\/\",\"url\":\"https:\/\/www.vitrans-conveyor.com\/wp-content\/uploads\/2024\/06\/2023-03-09-122815-e1719882885516.jpg\",\"contentUrl\":\"https:\/\/www.vitrans-conveyor.com\/wp-content\/uploads\/2024\/06\/2023-03-09-122815-e1719882885516.jpg\",\"width\":1060,\"height\":197,\"caption\":\"Vitrans\"},\"image\":{\"@id\":\"https:\/\/www.vitrans-conveyor.com\/#\/schema\/logo\/image\/\"},\"hasMerchantReturnPolicy\":{\"@type\":\"MerchantReturnPolicy\",\"merchantReturnLink\":\"https:\/\/www.vitrans-conveyor.com\/pt\/privacy-policy-2\/\"}}]}<\/script>\n<meta property=\"product:price:amount\" content=\"5830.00\" \/>\n<meta property=\"product:price:currency\" content=\"USD\" \/>\n<meta property=\"og:availability\" content=\"instock\" \/>\n<meta property=\"product:availability\" content=\"instock\" \/>\n<meta property=\"product:condition\" content=\"new\" \/>\n<!-- \/ Yoast SEO Premium plugin. -->","yoast_head_json":{"title":"Servo Pallet Conveyor Elevator | Lifter Spare Part - Vitrans","robots":{"index":"index","follow":"follow","max-snippet":"max-snippet:-1","max-image-preview":"max-image-preview:large","max-video-preview":"max-video-preview:-1"},"canonical":"https:\/\/www.vitrans-conveyor.com\/pt\/produto\/servo-pallet-conveyor-elevator-lifter-spare-part\/","og_locale":"pt_PT","og_type":"article","og_title":"Servo Pallet Conveyor Elevator | Lifter Spare Part","og_description":"Model No.:\u00a0LP\/S-S Brand:\u00a0Vitrans Applicable Industry:\u00a0Manufacturing Plant, Other Out-of-warranty Service:\u00a0Spare Parts, Video Technical Support, Online Support Where To Provide Local Services (in Which Countries Are There Overseas Service Outlets):\u00a0United States, Viet Nam, Indonesia, India, Mexico, Spain, Malaysia, Thailand, Morocco, South Africa Showroom Location (in Which Countries Are There Sample Rooms Overseas):\u00a0None Status:\u00a0New Material:\u00a0Aluminium Structure:\u00a0Conveyor System Place...","og_url":"https:\/\/www.vitrans-conveyor.com\/pt\/produto\/servo-pallet-conveyor-elevator-lifter-spare-part\/","og_site_name":"Vitrans","article_modified_time":"2026-01-04T06:04:58+00:00","og_image":[{"width":1280,"height":1280,"url":"https:\/\/www.vitrans-conveyor.com\/wp-content\/uploads\/2024\/07\/08-\u540c\u6b65\u5e26\u63d0\u5347\u673a1280.1.png","type":"image\/png"}],"twitter_card":"summary_large_image","twitter_misc":{"pre\u00e7o":"&#36;5,830.00","Disponibilidade":"Em stock"},"schema":{"@context":"https:\/\/schema.org","@graph":[{"@type":"WebPage","@id":"https:\/\/www.vitrans-conveyor.com\/product\/servo-pallet-conveyor-elevator-lifter-spare-part\/","url":"https:\/\/www.vitrans-conveyor.com\/product\/servo-pallet-conveyor-elevator-lifter-spare-part\/","name":"Servo Pallet Conveyor Elevator | Lifter Spare Part - Vitrans","isPartOf":{"@id":"https:\/\/www.vitrans-conveyor.com\/#website"},"primaryImageOfPage":{"@id":"https:\/\/www.vitrans-conveyor.com\/product\/servo-pallet-conveyor-elevator-lifter-spare-part\/#primaryimage"},"image":{"@id":"https:\/\/www.vitrans-conveyor.com\/product\/servo-pallet-conveyor-elevator-lifter-spare-part\/#primaryimage"},"thumbnailUrl":"https:\/\/www.vitrans-conveyor.com\/wp-content\/uploads\/2024\/07\/08-\u540c\u6b65\u5e26\u63d0\u5347\u673a1280.1.png","datePublished":"2024-07-01T09:46:22+00:00","dateModified":"2026-01-04T06:04:58+00:00","breadcrumb":{"@id":"https:\/\/www.vitrans-conveyor.com\/product\/servo-pallet-conveyor-elevator-lifter-spare-part\/#breadcrumb"},"inLanguage":"pt-PT","potentialAction":[{"@type":"ReadAction","target":["https:\/\/www.vitrans-conveyor.com\/product\/servo-pallet-conveyor-elevator-lifter-spare-part\/"]}]},{"@type":"ImageObject","inLanguage":"pt-PT","@id":"https:\/\/www.vitrans-conveyor.com\/product\/servo-pallet-conveyor-elevator-lifter-spare-part\/#primaryimage","url":"https:\/\/www.vitrans-conveyor.com\/wp-content\/uploads\/2024\/07\/08-\u540c\u6b65\u5e26\u63d0\u5347\u673a1280.1.png","contentUrl":"https:\/\/www.vitrans-conveyor.com\/wp-content\/uploads\/2024\/07\/08-\u540c\u6b65\u5e26\u63d0\u5347\u673a1280.1.png","width":1280,"height":1280},{"@type":"BreadcrumbList","@id":"https:\/\/www.vitrans-conveyor.com\/product\/servo-pallet-conveyor-elevator-lifter-spare-part\/#breadcrumb","itemListElement":[{"@type":"ListItem","position":1,"name":"Home","item":"https:\/\/www.vitrans-conveyor.com\/"},{"@type":"ListItem","position":2,"name":"Shop","item":"https:\/\/www.vitrans-conveyor.com\/fr\/shop\/"},{"@type":"ListItem","position":3,"name":"Servo Pallet Conveyor Elevator | Lifter Spare Part"}]},{"@type":"WebSite","@id":"https:\/\/www.vitrans-conveyor.com\/#website","url":"https:\/\/www.vitrans-conveyor.com\/","name":"Vitrans","description":"Vitrans - O sistema de transporte em linha automatizado l\u00edder mundial","publisher":{"@id":"https:\/\/www.vitrans-conveyor.com\/#organization"},"potentialAction":[{"@type":"SearchAction","target":{"@type":"EntryPoint","urlTemplate":"https:\/\/www.vitrans-conveyor.com\/?s={search_term_string}"},"query-input":{"@type":"PropertyValueSpecification","valueRequired":true,"valueName":"search_term_string"}}],"inLanguage":"pt-PT"},{"@type":"Organization","@id":"https:\/\/www.vitrans-conveyor.com\/#organization","name":"Vitrans","url":"https:\/\/www.vitrans-conveyor.com\/","logo":{"@type":"ImageObject","inLanguage":"pt-PT","@id":"https:\/\/www.vitrans-conveyor.com\/#\/schema\/logo\/image\/","url":"https:\/\/www.vitrans-conveyor.com\/wp-content\/uploads\/2024\/06\/2023-03-09-122815-e1719882885516.jpg","contentUrl":"https:\/\/www.vitrans-conveyor.com\/wp-content\/uploads\/2024\/06\/2023-03-09-122815-e1719882885516.jpg","width":1060,"height":197,"caption":"Vitrans"},"image":{"@id":"https:\/\/www.vitrans-conveyor.com\/#\/schema\/logo\/image\/"},"hasMerchantReturnPolicy":{"@type":"MerchantReturnPolicy","merchantReturnLink":"https:\/\/www.vitrans-conveyor.com\/pt\/privacy-policy-2\/"}}]},"product_price_amount":"5830.00","product_price_currency":"USD","og_availability":"instock","product_availability":"instock","product_condition":"new"},"_links":{"self":[{"href":"https:\/\/www.vitrans-conveyor.com\/pt\/wp-json\/wp\/v2\/product\/988101","targetHints":{"allow":["GET"]}}],"collection":[{"href":"https:\/\/www.vitrans-conveyor.com\/pt\/wp-json\/wp\/v2\/product"}],"about":[{"href":"https:\/\/www.vitrans-conveyor.com\/pt\/wp-json\/wp\/v2\/types\/product"}],"replies":[{"embeddable":true,"href":"https:\/\/www.vitrans-conveyor.com\/pt\/wp-json\/wp\/v2\/comments?post=988101"}],"version-history":[{"count":0,"href":"https:\/\/www.vitrans-conveyor.com\/pt\/wp-json\/wp\/v2\/product\/988101\/revisions"}],"wp:featuredmedia":[{"embeddable":true,"href":"https:\/\/www.vitrans-conveyor.com\/pt\/wp-json\/wp\/v2\/media\/992909"}],"wp:attachment":[{"href":"https:\/\/www.vitrans-conveyor.com\/pt\/wp-json\/wp\/v2\/media?parent=988101"}],"wp:term":[{"taxonomy":"product_cat","embeddable":true,"href":"https:\/\/www.vitrans-conveyor.com\/pt\/wp-json\/wp\/v2\/product_cat?post=988101"},{"taxonomy":"product_tag","embeddable":true,"href":"https:\/\/www.vitrans-conveyor.com\/pt\/wp-json\/wp\/v2\/product_tag?post=988101"}],"curies":[{"name":"wp","href":"https:\/\/api.w.org\/{rel}","templated":true}]}}