{"id":988107,"date":"2024-07-01T09:46:59","date_gmt":"2024-07-01T09:46:59","guid":{"rendered":"https:\/\/vitrans-conveyor.com\/product\/timing-belt-conveyor-spare-part-upper-drive-unit\/"},"modified":"2026-01-04T06:32:36","modified_gmt":"2026-01-04T06:32:36","slug":"timing-belt-conveyor-spare-part-upper-drive-unit","status":"publish","type":"product","link":"https:\/\/www.vitrans-conveyor.com\/tr\/product\/timing-belt-conveyor-spare-part-upper-drive-unit\/","title":{"rendered":"Triger Bantl\u0131 Konvey\u00f6r Yedek Par\u00e7as\u0131 | \u00dcst Tahrik \u00dcnitesi"},"content":{"rendered":"<div class=\"vgblk-rw-wrapper limit-wrapper\">\n<div>\n<p><span class=\"attr_title\" title=\"Model No.\">Model No.<\/span>:\u00a0<span class=\"attr_content\" title=\"BC2-Yedek-D\">BC2-Yedek-D<\/span><\/p>\n<p><span class=\"attr_title\" title=\"Marka\">Marka<\/span>:\u00a0<span class=\"attr_content\" title=\"Vitrans\">Vitrans<\/span><\/p>\n<p><span class=\"attr_title\" title=\"{Uygulanabilir Sekt\u00f6r}\">Uygulanabilir Sekt\u00f6r<\/span>:\u00a0<span class=\"attr_content\" title=\"\u00dcretim Tesisi, Di\u011fer\">\u00dcretim Tesisi, Di\u011fer<\/span><\/p>\n<p><span class=\"attr_title\" title=\"{Garanti D\u0131\u015f\u0131 Servis}\">Garanti D\u0131\u015f\u0131 Servis<\/span>:\u00a0<span class=\"attr_content\" title=\"Video Teknik Destek, \u00c7evrimi\u00e7i Destek, Yedek Par\u00e7alar\">Video Teknik Destek, \u00c7evrimi\u00e7i Destek, Yedek Par\u00e7alar<\/span><\/p>\n<p><span class=\"attr_title\" title=\"{Yerel Hizmetlerin Nerelerde Sunulaca\u011f\u0131 (Hangi \u00dclkelerde Yurtd\u0131\u015f\u0131 Hizmet Sat\u0131\u015f Noktalar\u0131n\u0131n Bulundu\u011fu)}\">Yerel Hizmetlerin Nerelerde Sunulaca\u011f\u0131 (Hangi \u00dclkelerde Yurtd\u0131\u015f\u0131 Hizmet Sat\u0131\u015f Noktalar\u0131 Var)<\/span>:\u00a0<span class=\"attr_content\" title=\"Amerika Birle\u015fik Devletleri, Viet Nam, Hindistan, Meksika, Malezya, G\u00fcney Kore\">Amerika Birle\u015fik Devletleri, Viet Nam, Hindistan, Meksika, Malezya, G\u00fcney Kore<\/span><\/p>\n<p><span class=\"attr_title\" title=\"{ Showroom Lokasyonu (Yurtd\u0131\u015f\u0131nda Hangi \u00dclkelerde \u00d6rnek Odalar Var)}\">Showroom Lokasyonu (Yurtd\u0131\u015f\u0131nda Hangi \u00dclkelerde \u00d6rnek Odalar Var)<\/span>:\u00a0<span class=\"attr_content\" title=\"Hi\u00e7biri\">Hi\u00e7biri<\/span><\/p>\n<p><span class=\"attr_title\" title=\"{ Durum}\">Durum<\/span>:\u00a0<span class=\"attr_content\" title=\"Yeni\">Yeni<\/span><\/p>\n<p><span class=\"attr_title\" title=\"{Malzeme}\">Malzeme<\/span>:\u00a0<span class=\"attr_content\" title=\"Al\u00fcminyum\">Al\u00fcminyum<\/span><\/p>\n<p><span class=\"attr_title\" title=\"{ Yap\u0131}\">Yap\u0131<\/span>:\u00a0<span class=\"attr_content\" title=\"Bantl\u0131 Konvey\u00f6r\">Bantl\u0131 Konvey\u00f6r<\/span><\/p>\n<p><span class=\"attr_title\" title=\"{Men\u015fe Yeri}\">Men\u015fe Yeri<\/span>:\u00a0<span class=\"attr_content\" title=\"\u00c7in\">\u00c7in<\/span><\/p>\n<p><span class=\"attr_title\" title=\"{ G\u00fc\u00e7 (Watt)}\">G\u00fc\u00e7 (Watt)<\/span>:\u00a0<span class=\"attr_content\" title=\"Di\u011fer\">Di\u011fer<\/span><\/p>\n<p><span class=\"attr_title\" title=\"{Garanti S\u00fcresi}\">Garanti S\u00fcresi<\/span>:\u00a0<span class=\"attr_content\" title=\"1 Y\u0131l\">1 Y\u0131l<\/span><\/p>\n<p><span class=\"attr_title\" title=\"{Mekanik Test Raporu}\">Mekanik Test Raporu<\/span>:\u00a0<span class=\"attr_content\" title=\"Sa\u011fland\u0131\">Sa\u011fland\u0131<\/span><\/p>\n<p><span class=\"attr_title\" title=\"{Video Fabrika Denetimi}\">Video Fabrika Denetimi<\/span>:\u00a0<span class=\"attr_content\" title=\"Sa\u011fland\u0131\">Sa\u011fland\u0131<\/span><\/p>\n<p><span class=\"attr_title\" title=\"{\u00c7ekirdek Bile\u015fen Garanti S\u00fcresi}\">\u00c7ekirdek Bile\u015fen Garanti S\u00fcresi<\/span>:\u00a0<span class=\"attr_content\" title=\"1 Y\u0131l\">1 Y\u0131l<\/span><\/p>\n<p><span class=\"attr_title\" title=\"{ \u00c7ekirdek Bile\u015fenler}\">\u00c7ekirdek Bile\u015fenler<\/span>:\u00a0<span class=\"attr_content\" title=\"Di\u011fer, Rulman, Di\u015fli\">Di\u011fer, Rulman, Di\u015fli<\/span><\/p>\n<p><span class=\"attr_title\" title=\"{\u00dcr\u00fcn Tipi}\">\u00dcr\u00fcn Tipi<\/span>:\u00a0<span class=\"attr_content\" title=\"Yedek Par\u00e7a\">Yedek Par\u00e7a<\/span><\/p>\n<p><span class=\"attr_title\" title=\"{Tek Par\u00e7a\/Montaj}\">Tek Par\u00e7a\/Montaj<\/span>:\u00a0<span class=\"attr_content\" title=\"Montaj\">Montaj<\/span><\/p>\n<\/div>\n<\/div>\n<p><!-- .vgblk-rw-wrapper --><\/p>","protected":false},"excerpt":{"rendered":"<p>Model No.:\u00a0BC2-Spare-D Brand:\u00a0Vitrans Applicable Industry:\u00a0Manufacturing Plant, Other Out-of-warranty Service:\u00a0Video Technical Support, Online Support, Spare Parts Where To Provide Local Services (in Which Countries Are There Overseas Service Outlets):\u00a0United States, Viet Nam, India, Mexico, Malaysia, South Korea Showroom Location (in Which Countries Are There Sample Rooms Overseas):\u00a0None Status:\u00a0New Material:\u00a0Aluminium Structure:\u00a0Belt Conveyor Place Of Origin:\u00a0China Power (Watts):\u00a0Other&#8230;<\/p>","protected":false},"featured_media":992913,"comment_status":"closed","ping_status":"closed","template":"","meta":[],"product_cat":[127],"product_tag":[],"class_list":{"0":"post-988107","1":"product","2":"type-product","3":"status-publish","4":"has-post-thumbnail","6":"product_cat-parts","8":"first","9":"instock","10":"shipping-taxable","11":"purchasable","12":"product-type-simple"},"yoast_head":"<!-- This site is optimized with the Yoast SEO Premium plugin v23.2 (Yoast SEO v24.8.1) - https:\/\/yoast.com\/wordpress\/plugins\/seo\/ -->\n<title>Timing Belt Conveyor Spare Part| Upper Drive Unit - Vitrans<\/title>\n<meta name=\"robots\" content=\"index, follow, max-snippet:-1, max-image-preview:large, max-video-preview:-1\" \/>\n<link rel=\"canonical\" href=\"https:\/\/www.vitrans-conveyor.com\/tr\/urun\/timing-belt-conveyor-spare-part-upper-drive-unit\/\" \/>\n<meta property=\"og:locale\" content=\"tr_TR\" \/>\n<meta property=\"og:type\" content=\"article\" \/>\n<meta property=\"og:title\" content=\"Timing Belt Conveyor Spare Part| Upper Drive Unit\" \/>\n<meta property=\"og:description\" content=\"Model No.:\u00a0BC2-Spare-D Brand:\u00a0Vitrans Applicable Industry:\u00a0Manufacturing Plant, Other Out-of-warranty Service:\u00a0Video Technical Support, Online Support, Spare Parts Where To Provide Local Services (in Which Countries Are There Overseas Service Outlets):\u00a0United States, Viet Nam, India, Mexico, Malaysia, South Korea Showroom Location (in Which Countries Are There Sample Rooms Overseas):\u00a0None Status:\u00a0New Material:\u00a0Aluminium Structure:\u00a0Belt Conveyor Place Of Origin:\u00a0China Power (Watts):\u00a0Other...\" \/>\n<meta property=\"og:url\" content=\"https:\/\/www.vitrans-conveyor.com\/tr\/urun\/timing-belt-conveyor-spare-part-upper-drive-unit\/\" \/>\n<meta property=\"og:site_name\" content=\"Vitrans\" \/>\n<meta property=\"article:modified_time\" content=\"2026-01-04T06:32:36+00:00\" \/>\n<meta property=\"og:image\" content=\"https:\/\/www.vitrans-conveyor.com\/wp-content\/uploads\/2024\/07\/03-BC2\u540c\u6b65\u5e261280.7.png\" \/>\n\t<meta property=\"og:image:width\" content=\"1280\" \/>\n\t<meta property=\"og:image:height\" content=\"853\" \/>\n\t<meta property=\"og:image:type\" content=\"image\/png\" \/>\n<meta name=\"twitter:card\" content=\"summary_large_image\" \/>\n<meta name=\"twitter:label1\" content=\"Fiyat\" \/>\n\t<meta name=\"twitter:data1\" content=\"&#036;5,870.00\" \/>\n\t<meta name=\"twitter:label2\" content=\"Durumu\" \/>\n\t<meta name=\"twitter:data2\" content=\"Stokta var\" \/>\n<script type=\"application\/ld+json\" class=\"yoast-schema-graph\">{\"@context\":\"https:\/\/schema.org\",\"@graph\":[{\"@type\":\"WebPage\",\"@id\":\"https:\/\/www.vitrans-conveyor.com\/product\/timing-belt-conveyor-spare-part-upper-drive-unit\/\",\"url\":\"https:\/\/www.vitrans-conveyor.com\/product\/timing-belt-conveyor-spare-part-upper-drive-unit\/\",\"name\":\"Timing Belt Conveyor Spare Part| Upper Drive Unit - Vitrans\",\"isPartOf\":{\"@id\":\"https:\/\/www.vitrans-conveyor.com\/#website\"},\"primaryImageOfPage\":{\"@id\":\"https:\/\/www.vitrans-conveyor.com\/product\/timing-belt-conveyor-spare-part-upper-drive-unit\/#primaryimage\"},\"image\":{\"@id\":\"https:\/\/www.vitrans-conveyor.com\/product\/timing-belt-conveyor-spare-part-upper-drive-unit\/#primaryimage\"},\"thumbnailUrl\":\"https:\/\/www.vitrans-conveyor.com\/wp-content\/uploads\/2024\/07\/03-BC2\u540c\u6b65\u5e261280.7.png\",\"datePublished\":\"2024-07-01T09:46:59+00:00\",\"dateModified\":\"2026-01-04T06:32:36+00:00\",\"breadcrumb\":{\"@id\":\"https:\/\/www.vitrans-conveyor.com\/product\/timing-belt-conveyor-spare-part-upper-drive-unit\/#breadcrumb\"},\"inLanguage\":\"tr\",\"potentialAction\":[{\"@type\":\"ReadAction\",\"target\":[\"https:\/\/www.vitrans-conveyor.com\/product\/timing-belt-conveyor-spare-part-upper-drive-unit\/\"]}]},{\"@type\":\"ImageObject\",\"inLanguage\":\"tr\",\"@id\":\"https:\/\/www.vitrans-conveyor.com\/product\/timing-belt-conveyor-spare-part-upper-drive-unit\/#primaryimage\",\"url\":\"https:\/\/www.vitrans-conveyor.com\/wp-content\/uploads\/2024\/07\/03-BC2\u540c\u6b65\u5e261280.7.png\",\"contentUrl\":\"https:\/\/www.vitrans-conveyor.com\/wp-content\/uploads\/2024\/07\/03-BC2\u540c\u6b65\u5e261280.7.png\",\"width\":1280,\"height\":853},{\"@type\":\"BreadcrumbList\",\"@id\":\"https:\/\/www.vitrans-conveyor.com\/product\/timing-belt-conveyor-spare-part-upper-drive-unit\/#breadcrumb\",\"itemListElement\":[{\"@type\":\"ListItem\",\"position\":1,\"name\":\"Home\",\"item\":\"https:\/\/www.vitrans-conveyor.com\/\"},{\"@type\":\"ListItem\",\"position\":2,\"name\":\"Shop\",\"item\":\"https:\/\/www.vitrans-conveyor.com\/fr\/shop\/\"},{\"@type\":\"ListItem\",\"position\":3,\"name\":\"Timing Belt Conveyor Spare Part| Upper Drive Unit\"}]},{\"@type\":\"WebSite\",\"@id\":\"https:\/\/www.vitrans-conveyor.com\/#website\",\"url\":\"https:\/\/www.vitrans-conveyor.com\/\",\"name\":\"Vitrans\",\"description\":\"Vitrans-The world&#039;s leading automated line conveyor system\",\"publisher\":{\"@id\":\"https:\/\/www.vitrans-conveyor.com\/#organization\"},\"potentialAction\":[{\"@type\":\"SearchAction\",\"target\":{\"@type\":\"EntryPoint\",\"urlTemplate\":\"https:\/\/www.vitrans-conveyor.com\/?s={search_term_string}\"},\"query-input\":{\"@type\":\"PropertyValueSpecification\",\"valueRequired\":true,\"valueName\":\"search_term_string\"}}],\"inLanguage\":\"tr\"},{\"@type\":\"Organization\",\"@id\":\"https:\/\/www.vitrans-conveyor.com\/#organization\",\"name\":\"Vitrans\",\"url\":\"https:\/\/www.vitrans-conveyor.com\/\",\"logo\":{\"@type\":\"ImageObject\",\"inLanguage\":\"tr\",\"@id\":\"https:\/\/www.vitrans-conveyor.com\/#\/schema\/logo\/image\/\",\"url\":\"https:\/\/www.vitrans-conveyor.com\/wp-content\/uploads\/2024\/06\/2023-03-09-122815-e1719882885516.jpg\",\"contentUrl\":\"https:\/\/www.vitrans-conveyor.com\/wp-content\/uploads\/2024\/06\/2023-03-09-122815-e1719882885516.jpg\",\"width\":1060,\"height\":197,\"caption\":\"Vitrans\"},\"image\":{\"@id\":\"https:\/\/www.vitrans-conveyor.com\/#\/schema\/logo\/image\/\"},\"hasMerchantReturnPolicy\":{\"@type\":\"MerchantReturnPolicy\",\"merchantReturnLink\":\"https:\/\/www.vitrans-conveyor.com\/tr\/privacy-policy-2\/\"}}]}<\/script>\n<meta property=\"product:price:amount\" content=\"5870.00\" \/>\n<meta property=\"product:price:currency\" content=\"USD\" \/>\n<meta property=\"og:availability\" content=\"instock\" \/>\n<meta property=\"product:availability\" content=\"instock\" \/>\n<meta property=\"product:condition\" content=\"new\" \/>\n<!-- \/ Yoast SEO Premium plugin. -->","yoast_head_json":{"title":"Triger Bantl\u0131 Konvey\u00f6r Yedek Par\u00e7as\u0131| \u00dcst Tahrik \u00dcnitesi - Vitrans","robots":{"index":"index","follow":"follow","max-snippet":"max-snippet:-1","max-image-preview":"max-image-preview:large","max-video-preview":"max-video-preview:-1"},"canonical":"https:\/\/www.vitrans-conveyor.com\/tr\/urun\/timing-belt-conveyor-spare-part-upper-drive-unit\/","og_locale":"tr_TR","og_type":"article","og_title":"Timing Belt Conveyor Spare Part| Upper Drive Unit","og_description":"Model No.:\u00a0BC2-Spare-D Brand:\u00a0Vitrans Applicable Industry:\u00a0Manufacturing Plant, Other Out-of-warranty Service:\u00a0Video Technical Support, Online Support, Spare Parts Where To Provide Local Services (in Which Countries Are There Overseas Service Outlets):\u00a0United States, Viet Nam, India, Mexico, Malaysia, South Korea Showroom Location (in Which Countries Are There Sample Rooms Overseas):\u00a0None Status:\u00a0New Material:\u00a0Aluminium Structure:\u00a0Belt Conveyor Place Of Origin:\u00a0China Power (Watts):\u00a0Other...","og_url":"https:\/\/www.vitrans-conveyor.com\/tr\/urun\/timing-belt-conveyor-spare-part-upper-drive-unit\/","og_site_name":"Vitrans","article_modified_time":"2026-01-04T06:32:36+00:00","og_image":[{"width":1280,"height":853,"url":"https:\/\/www.vitrans-conveyor.com\/wp-content\/uploads\/2024\/07\/03-BC2\u540c\u6b65\u5e261280.7.png","type":"image\/png"}],"twitter_card":"summary_large_image","twitter_misc":{"Fiyat":"&#36;5,870.00","Durumu":"Stokta var"},"schema":{"@context":"https:\/\/schema.org","@graph":[{"@type":"WebPage","@id":"https:\/\/www.vitrans-conveyor.com\/product\/timing-belt-conveyor-spare-part-upper-drive-unit\/","url":"https:\/\/www.vitrans-conveyor.com\/product\/timing-belt-conveyor-spare-part-upper-drive-unit\/","name":"Triger Bantl\u0131 Konvey\u00f6r Yedek Par\u00e7as\u0131| \u00dcst Tahrik \u00dcnitesi - Vitrans","isPartOf":{"@id":"https:\/\/www.vitrans-conveyor.com\/#website"},"primaryImageOfPage":{"@id":"https:\/\/www.vitrans-conveyor.com\/product\/timing-belt-conveyor-spare-part-upper-drive-unit\/#primaryimage"},"image":{"@id":"https:\/\/www.vitrans-conveyor.com\/product\/timing-belt-conveyor-spare-part-upper-drive-unit\/#primaryimage"},"thumbnailUrl":"https:\/\/www.vitrans-conveyor.com\/wp-content\/uploads\/2024\/07\/03-BC2\u540c\u6b65\u5e261280.7.png","datePublished":"2024-07-01T09:46:59+00:00","dateModified":"2026-01-04T06:32:36+00:00","breadcrumb":{"@id":"https:\/\/www.vitrans-conveyor.com\/product\/timing-belt-conveyor-spare-part-upper-drive-unit\/#breadcrumb"},"inLanguage":"tr","potentialAction":[{"@type":"ReadAction","target":["https:\/\/www.vitrans-conveyor.com\/product\/timing-belt-conveyor-spare-part-upper-drive-unit\/"]}]},{"@type":"ImageObject","inLanguage":"tr","@id":"https:\/\/www.vitrans-conveyor.com\/product\/timing-belt-conveyor-spare-part-upper-drive-unit\/#primaryimage","url":"https:\/\/www.vitrans-conveyor.com\/wp-content\/uploads\/2024\/07\/03-BC2\u540c\u6b65\u5e261280.7.png","contentUrl":"https:\/\/www.vitrans-conveyor.com\/wp-content\/uploads\/2024\/07\/03-BC2\u540c\u6b65\u5e261280.7.png","width":1280,"height":853},{"@type":"BreadcrumbList","@id":"https:\/\/www.vitrans-conveyor.com\/product\/timing-belt-conveyor-spare-part-upper-drive-unit\/#breadcrumb","itemListElement":[{"@type":"ListItem","position":1,"name":"Home","item":"https:\/\/www.vitrans-conveyor.com\/"},{"@type":"ListItem","position":2,"name":"Shop","item":"https:\/\/www.vitrans-conveyor.com\/fr\/shop\/"},{"@type":"ListItem","position":3,"name":"Timing Belt Conveyor Spare Part| Upper Drive Unit"}]},{"@type":"WebSite","@id":"https:\/\/www.vitrans-conveyor.com\/#website","url":"https:\/\/www.vitrans-conveyor.com\/","name":"Vitrans","description":"Vitrans-D\u00fcnyan\u0131n \u00f6nde gelen otomatik hat konvey\u00f6r sistemi","publisher":{"@id":"https:\/\/www.vitrans-conveyor.com\/#organization"},"potentialAction":[{"@type":"SearchAction","target":{"@type":"EntryPoint","urlTemplate":"https:\/\/www.vitrans-conveyor.com\/?s={search_term_string}"},"query-input":{"@type":"PropertyValueSpecification","valueRequired":true,"valueName":"search_term_string"}}],"inLanguage":"tr"},{"@type":"Organization","@id":"https:\/\/www.vitrans-conveyor.com\/#organization","name":"Vitrans","url":"https:\/\/www.vitrans-conveyor.com\/","logo":{"@type":"ImageObject","inLanguage":"tr","@id":"https:\/\/www.vitrans-conveyor.com\/#\/schema\/logo\/image\/","url":"https:\/\/www.vitrans-conveyor.com\/wp-content\/uploads\/2024\/06\/2023-03-09-122815-e1719882885516.jpg","contentUrl":"https:\/\/www.vitrans-conveyor.com\/wp-content\/uploads\/2024\/06\/2023-03-09-122815-e1719882885516.jpg","width":1060,"height":197,"caption":"Vitrans"},"image":{"@id":"https:\/\/www.vitrans-conveyor.com\/#\/schema\/logo\/image\/"},"hasMerchantReturnPolicy":{"@type":"MerchantReturnPolicy","merchantReturnLink":"https:\/\/www.vitrans-conveyor.com\/tr\/privacy-policy-2\/"}}]},"product_price_amount":"5870.00","product_price_currency":"USD","og_availability":"instock","product_availability":"instock","product_condition":"new"},"_links":{"self":[{"href":"https:\/\/www.vitrans-conveyor.com\/tr\/wp-json\/wp\/v2\/product\/988107","targetHints":{"allow":["GET"]}}],"collection":[{"href":"https:\/\/www.vitrans-conveyor.com\/tr\/wp-json\/wp\/v2\/product"}],"about":[{"href":"https:\/\/www.vitrans-conveyor.com\/tr\/wp-json\/wp\/v2\/types\/product"}],"replies":[{"embeddable":true,"href":"https:\/\/www.vitrans-conveyor.com\/tr\/wp-json\/wp\/v2\/comments?post=988107"}],"version-history":[{"count":0,"href":"https:\/\/www.vitrans-conveyor.com\/tr\/wp-json\/wp\/v2\/product\/988107\/revisions"}],"wp:featuredmedia":[{"embeddable":true,"href":"https:\/\/www.vitrans-conveyor.com\/tr\/wp-json\/wp\/v2\/media\/992913"}],"wp:attachment":[{"href":"https:\/\/www.vitrans-conveyor.com\/tr\/wp-json\/wp\/v2\/media?parent=988107"}],"wp:term":[{"taxonomy":"product_cat","embeddable":true,"href":"https:\/\/www.vitrans-conveyor.com\/tr\/wp-json\/wp\/v2\/product_cat?post=988107"},{"taxonomy":"product_tag","embeddable":true,"href":"https:\/\/www.vitrans-conveyor.com\/tr\/wp-json\/wp\/v2\/product_tag?post=988107"}],"curies":[{"name":"wp","href":"https:\/\/api.w.org\/{rel}","templated":true}]}}