{"id":988150,"date":"2024-07-01T10:04:18","date_gmt":"2024-07-01T10:04:18","guid":{"rendered":"https:\/\/vitrans-conveyor.com\/product\/vitrans-single-layer-conveyor-leg-conveyor-stand\/"},"modified":"2025-12-30T08:51:01","modified_gmt":"2025-12-30T08:51:01","slug":"vitrans-single-layer-conveyor-leg-conveyor-stand","status":"publish","type":"product","link":"https:\/\/www.vitrans-conveyor.com\/tr\/product\/vitrans-single-layer-conveyor-leg-conveyor-stand\/","title":{"rendered":"SZ2 Tek Katmanl\u0131 Konvey\u00f6r Aya\u011f\u0131"},"content":{"rendered":"\t\t<div data-elementor-type=\"product-post\" data-elementor-id=\"988150\" class=\"elementor elementor-988150\" data-elementor-post-type=\"product\">\n\t\t\t\t<div class=\"elementor-element elementor-element-6792201 e-con-full e-flex e-con e-parent\" data-id=\"6792201\" data-element_type=\"container\" data-settings=\"{&quot;background_background&quot;:&quot;classic&quot;}\">\n\t\t<div class=\"elementor-element elementor-element-92dcbaf e-con-full e-flex e-con e-child\" data-id=\"92dcbaf\" data-element_type=\"container\">\n\t\t\t\t<div class=\"elementor-element elementor-element-f13e820 elementor-widget elementor-widget-heading\" data-id=\"f13e820\" data-element_type=\"widget\" data-widget_type=\"heading.default\">\n\t\t\t\t<div class=\"elementor-widget-container\">\n\t\t\t<style>\/*! elementor - v3.22.0 - 26-06-2024 *\/\n.elementor-heading-title{padding:0;margin:0;line-height:1}.elementor-widget-heading .elementor-heading-title[class*=elementor-size-]>a{color:inherit;font-size:inherit;line-height:inherit}.elementor-widget-heading .elementor-heading-title.elementor-size-small{font-size:15px}.elementor-widget-heading .elementor-heading-title.elementor-size-medium{font-size:19px}.elementor-widget-heading .elementor-heading-title.elementor-size-large{font-size:29px}.elementor-widget-heading .elementor-heading-title.elementor-size-xl{font-size:39px}.elementor-widget-heading .elementor-heading-title.elementor-size-xxl{font-size:59px}<\/style><h1 class=\"elementor-heading-title elementor-size-default\">SZ2 single layer conveyor leg:<\/h1>\t\t<\/div>\n\t\t\t\t<\/div>\n\t\t\t\t<div class=\"elementor-element elementor-element-258fe88 elementor-align-left elementor-icon-list--layout-traditional elementor-list-item-link-full_width elementor-widget elementor-widget-icon-list\" data-id=\"258fe88\" data-element_type=\"widget\" data-widget_type=\"icon-list.default\">\n\t\t\t\t<div class=\"elementor-widget-container\">\n\t\t\t<link rel=\"stylesheet\" href=\"https:\/\/www.vitrans-conveyor.com\/wp-content\/plugins\/elementor\/assets\/css\/widget-icon-list.min.css\">\t\t<ul class=\"elementor-icon-list-items\">\n\t\t\t\t\t\t\t<li class=\"elementor-icon-list-item\">\n\t\t\t\t\t\t\t\t\t\t\t<a href=\"#\">\n\n\t\t\t\t\t\t\t\t\t\t\t\t<span class=\"elementor-icon-list-icon\">\n\t\t\t\t\t\t\t<i aria-hidden=\"true\" class=\"fas fa-play-circle\"><\/i>\t\t\t\t\t\t<\/span>\n\t\t\t\t\t\t\t\t\t\t<span class=\"elementor-icon-list-text\"><b>Conveyor width\/mm:<\/b>\t160, 240, 320, 400, 480, 640 (160\u2264Bwt\u2264640)<\/span>\n\t\t\t\t\t\t\t\t\t\t\t<\/a>\n\t\t\t\t\t\t\t\t\t<\/li>\n\t\t\t\t\t\t\t\t<li class=\"elementor-icon-list-item\">\n\t\t\t\t\t\t\t\t\t\t\t<a href=\"#\">\n\n\t\t\t\t\t\t\t\t\t\t\t\t<span class=\"elementor-icon-list-icon\">\n\t\t\t\t\t\t\t<i aria-hidden=\"true\" class=\"fas fa-play-circle\"><\/i>\t\t\t\t\t\t<\/span>\n\t\t\t\t\t\t\t\t\t\t<span class=\"elementor-icon-list-text\"><b>Conveyor height\/mm:<\/b>700 to 1400<\/span>\n\t\t\t\t\t\t\t\t\t\t\t<\/a>\n\t\t\t\t\t\t\t\t\t<\/li>\n\t\t\t\t\t\t\t\t<li class=\"elementor-icon-list-item\">\n\t\t\t\t\t\t\t\t\t\t\t<a href=\"#\">\n\n\t\t\t\t\t\t\t\t\t\t\t\t<span class=\"elementor-icon-list-icon\">\n\t\t\t\t\t\t\t<i aria-hidden=\"true\" class=\"fas fa-play-circle\"><\/i>\t\t\t\t\t\t<\/span>\n\t\t\t\t\t\t\t\t\t\t<span class=\"elementor-icon-list-text\"><b>aluminum profile:<\/b>45X60<\/span>\n\t\t\t\t\t\t\t\t\t\t\t<\/a>\n\t\t\t\t\t\t\t\t\t<\/li>\n\t\t\t\t\t\t\t\t<li class=\"elementor-icon-list-item\">\n\t\t\t\t\t\t\t\t\t\t\t<a href=\"#\">\n\n\t\t\t\t\t\t\t\t\t\t\t\t<span class=\"elementor-icon-list-icon\">\n\t\t\t\t\t\t\t<i aria-hidden=\"true\" class=\"fas fa-play-circle\"><\/i>\t\t\t\t\t\t<\/span>\n\t\t\t\t\t\t\t\t\t\t<span class=\"elementor-icon-list-text\"><b>Adjustable height range\/mm :<\/b>\u00b130<\/span>\n\t\t\t\t\t\t\t\t\t\t\t<\/a>\n\t\t\t\t\t\t\t\t\t<\/li>\n\t\t\t\t\t\t<\/ul>\n\t\t\t\t<\/div>\n\t\t\t\t<\/div>\n\t\t\t\t<\/div>\n\t\t\t\t<\/div>\n\t\t<div class=\"elementor-element elementor-element-8d3d787 e-con-full e-flex e-con e-parent\" data-id=\"8d3d787\" data-element_type=\"container\">\n\t\t<div class=\"elementor-element elementor-element-05d4a6a e-con-full e-flex e-con e-child\" data-id=\"05d4a6a\" data-element_type=\"container\">\n\t\t\t\t<div class=\"elementor-element elementor-element-bd9fea6 elementor-widget elementor-widget-image\" data-id=\"bd9fea6\" data-element_type=\"widget\" data-widget_type=\"image.default\">\n\t\t\t\t<div class=\"elementor-widget-container\">\n\t\t\t<style>\/*! elementor - v3.22.0 - 26-06-2024 *\/\n.elementor-widget-image{text-align:center}.elementor-widget-image a{display:inline-block}.elementor-widget-image a img[src$=\".svg\"]{width:48px}.elementor-widget-image img{vertical-align:middle;display:inline-block}<\/style>\t\t\t\t\t\t\t\t\t\t<img fetchpriority=\"high\" decoding=\"async\" width=\"953\" height=\"874\" src=\"https:\/\/www.vitrans-conveyor.com\/wp-content\/uploads\/2024\/07\/single-layer-support.png\" class=\"attachment-large size-large wp-image-991435\" alt=\"\" srcset=\"https:\/\/www.vitrans-conveyor.com\/wp-content\/uploads\/2024\/07\/single-layer-support.png 953w, https:\/\/www.vitrans-conveyor.com\/wp-content\/uploads\/2024\/07\/single-layer-support-640x587.png 640w, https:\/\/www.vitrans-conveyor.com\/wp-content\/uploads\/2024\/07\/single-layer-support-300x275.png 300w, https:\/\/www.vitrans-conveyor.com\/wp-content\/uploads\/2024\/07\/single-layer-support-768x704.png 768w, https:\/\/www.vitrans-conveyor.com\/wp-content\/uploads\/2024\/07\/single-layer-support-13x12.png 13w\" sizes=\"(max-width: 953px) 100vw, 953px\" \/>\t\t\t\t\t\t\t\t\t\t\t\t\t<\/div>\n\t\t\t\t<\/div>\n\t\t\t\t<\/div>\n\t\t<div class=\"elementor-element elementor-element-de3296c e-con-full e-flex e-con e-child\" data-id=\"de3296c\" data-element_type=\"container\">\n\t\t\t\t<div class=\"elementor-element elementor-element-2dab789 elementor-widget elementor-widget-heading\" data-id=\"2dab789\" data-element_type=\"widget\" data-widget_type=\"heading.default\">\n\t\t\t\t<div class=\"elementor-widget-container\">\n\t\t\t<h2 class=\"elementor-heading-title elementor-size-default\">Key benefits:<\/h2>\t\t<\/div>\n\t\t\t\t<\/div>\n\t\t\t\t<div class=\"elementor-element elementor-element-b46f6e8 elementor-align-left elementor-icon-list--layout-traditional elementor-list-item-link-full_width elementor-widget elementor-widget-icon-list\" data-id=\"b46f6e8\" data-element_type=\"widget\" data-widget_type=\"icon-list.default\">\n\t\t\t\t<div class=\"elementor-widget-container\">\n\t\t\t\t\t<ul class=\"elementor-icon-list-items\">\n\t\t\t\t\t\t\t<li class=\"elementor-icon-list-item\">\n\t\t\t\t\t\t\t\t\t\t\t<a href=\"#\">\n\n\t\t\t\t\t\t\t\t\t\t\t\t<span class=\"elementor-icon-list-icon\">\n\t\t\t\t\t\t\t<i aria-hidden=\"true\" class=\"far fa-check-circle\"><\/i>\t\t\t\t\t\t<\/span>\n\t\t\t\t\t\t\t\t\t\t<span class=\"elementor-icon-list-text\">including floor Fundation bracket and bolt<\/span>\n\t\t\t\t\t\t\t\t\t\t\t<\/a>\n\t\t\t\t\t\t\t\t\t<\/li>\n\t\t\t\t\t\t\t\t<li class=\"elementor-icon-list-item\">\n\t\t\t\t\t\t\t\t\t\t\t<a href=\"#\">\n\n\t\t\t\t\t\t\t\t\t\t\t\t<span class=\"elementor-icon-list-icon\">\n\t\t\t\t\t\t\t<i aria-hidden=\"true\" class=\"far fa-check-circle\"><\/i>\t\t\t\t\t\t<\/span>\n\t\t\t\t\t\t\t\t\t\t<span class=\"elementor-icon-list-text\">including aluminum cover<\/span>\n\t\t\t\t\t\t\t\t\t\t\t<\/a>\n\t\t\t\t\t\t\t\t\t<\/li>\n\t\t\t\t\t\t\t\t<li class=\"elementor-icon-list-item\">\n\t\t\t\t\t\t\t\t\t\t\t<a href=\"#\">\n\n\t\t\t\t\t\t\t\t\t\t\t\t<span class=\"elementor-icon-list-icon\">\n\t\t\t\t\t\t\t<i aria-hidden=\"true\" class=\"far fa-check-circle\"><\/i>\t\t\t\t\t\t<\/span>\n\t\t\t\t\t\t\t\t\t\t<span class=\"elementor-icon-list-text\">optional aluminum profile:45X60 or 45X90<\/span>\n\t\t\t\t\t\t\t\t\t\t\t<\/a>\n\t\t\t\t\t\t\t\t\t<\/li>\n\t\t\t\t\t\t<\/ul>\n\t\t\t\t<\/div>\n\t\t\t\t<\/div>\n\t\t\t\t<\/div>\n\t\t\t\t<\/div>\n\t\t\t\t<\/div>\n\t\t","protected":false},"excerpt":{"rendered":"<p>\/*! elementor &#8211; v3.22.0 &#8211; 26-06-2024 *\/ .elementor-heading-title{padding:0;margin:0;line-height:1}.elementor-widget-heading .elementor-heading-title[class*=elementor-size-]&gt;a{color:inherit;font-size:inherit;line-height:inherit}.elementor-widget-heading .elementor-heading-title.elementor-size-small{font-size:15px}.elementor-widget-heading .elementor-heading-title.elementor-size-medium{font-size:19px}.elementor-widget-heading .elementor-heading-title.elementor-size-large{font-size:29px}.elementor-widget-heading .elementor-heading-title.elementor-size-xl{font-size:39px}.elementor-widget-heading .elementor-heading-title.elementor-size-xxl{font-size:59px} SZ2 single layer conveyor leg: Conveyor width\/mm: 160, 240, 320, 400, 480, 640 (160\u2264Bwt\u2264640) Conveyor height\/mm:700 to 1400 aluminum profile:45X60 Adjustable height range\/mm :\u00b130 \/*! elementor &#8211; v3.22.0 &#8211; 26-06-2024 *\/ .elementor-widget-image{text-align:center}.elementor-widget-image a{display:inline-block}.elementor-widget-image a img[src$=&#8221;.svg&#8221;]{width:48px}.elementor-widget-image img{vertical-align:middle;display:inline-block} Key benefits: including floor Fundation&#8230;<\/p>\n","protected":false},"featured_media":992895,"comment_status":"closed","ping_status":"closed","template":"","meta":[],"product_cat":[94],"product_tag":[178],"class_list":{"0":"post-988150","1":"product","2":"type-product","3":"status-publish","4":"has-post-thumbnail","6":"product_cat-system-unit","7":"product_tag-conveyor-belt-system","9":"first","10":"instock","11":"shipping-taxable","12":"purchasable","13":"product-type-simple"},"yoast_head":"<!-- This site is optimized with the Yoast SEO Premium plugin v23.2 (Yoast SEO v24.8.1) - https:\/\/yoast.com\/wordpress\/plugins\/seo\/ -->\n<title>SZ2 Single Layer Conveyor Leg - Vitrans<\/title>\n<meta name=\"robots\" content=\"index, follow, max-snippet:-1, max-image-preview:large, max-video-preview:-1\" \/>\n<link rel=\"canonical\" href=\"https:\/\/www.vitrans-conveyor.com\/tr\/urun\/vitrans-single-layer-conveyor-leg-conveyor-stand\/\" \/>\n<meta property=\"og:locale\" content=\"tr_TR\" \/>\n<meta property=\"og:type\" content=\"article\" \/>\n<meta property=\"og:title\" content=\"SZ2 Single Layer Conveyor Leg\" \/>\n<meta property=\"og:description\" content=\"\/*! elementor &#8211; v3.22.0 &#8211; 26-06-2024 *\/ .elementor-heading-title{padding:0;margin:0;line-height:1}.elementor-widget-heading .elementor-heading-title[class*=elementor-size-]&gt;a{color:inherit;font-size:inherit;line-height:inherit}.elementor-widget-heading .elementor-heading-title.elementor-size-small{font-size:15px}.elementor-widget-heading .elementor-heading-title.elementor-size-medium{font-size:19px}.elementor-widget-heading .elementor-heading-title.elementor-size-large{font-size:29px}.elementor-widget-heading .elementor-heading-title.elementor-size-xl{font-size:39px}.elementor-widget-heading .elementor-heading-title.elementor-size-xxl{font-size:59px} SZ2 single layer conveyor leg: Conveyor width\/mm: 160, 240, 320, 400, 480, 640 (160\u2264Bwt\u2264640) Conveyor height\/mm:700 to 1400 aluminum profile:45X60 Adjustable height range\/mm :\u00b130 \/*! elementor &#8211; v3.22.0 &#8211; 26-06-2024 *\/ .elementor-widget-image{text-align:center}.elementor-widget-image a{display:inline-block}.elementor-widget-image a img[src$=&#8221;.svg&#8221;]{width:48px}.elementor-widget-image img{vertical-align:middle;display:inline-block} Key benefits: including floor Fundation...\" \/>\n<meta property=\"og:url\" content=\"https:\/\/www.vitrans-conveyor.com\/tr\/urun\/vitrans-single-layer-conveyor-leg-conveyor-stand\/\" \/>\n<meta property=\"og:site_name\" content=\"Vitrans\" \/>\n<meta property=\"article:modified_time\" content=\"2025-12-30T08:51:01+00:00\" \/>\n<meta property=\"og:image\" content=\"https:\/\/www.vitrans-conveyor.com\/wp-content\/uploads\/2024\/07\/10-SZL-4545\u652f\u817f.1.png\" \/>\n\t<meta property=\"og:image:width\" content=\"1024\" \/>\n\t<meta property=\"og:image:height\" content=\"1024\" \/>\n\t<meta property=\"og:image:type\" content=\"image\/png\" \/>\n<meta name=\"twitter:card\" content=\"summary_large_image\" \/>\n<meta name=\"twitter:label1\" content=\"Fiyat\" \/>\n\t<meta name=\"twitter:data1\" content=\"&#036;7,850.00\" \/>\n\t<meta name=\"twitter:label2\" content=\"Durumu\" \/>\n\t<meta name=\"twitter:data2\" content=\"Stokta var\" \/>\n<script type=\"application\/ld+json\" class=\"yoast-schema-graph\">{\"@context\":\"https:\/\/schema.org\",\"@graph\":[{\"@type\":\"WebPage\",\"@id\":\"https:\/\/www.vitrans-conveyor.com\/product\/vitrans-single-layer-conveyor-leg-conveyor-stand\/\",\"url\":\"https:\/\/www.vitrans-conveyor.com\/product\/vitrans-single-layer-conveyor-leg-conveyor-stand\/\",\"name\":\"SZ2 Single Layer Conveyor Leg - Vitrans\",\"isPartOf\":{\"@id\":\"https:\/\/www.vitrans-conveyor.com\/#website\"},\"primaryImageOfPage\":{\"@id\":\"https:\/\/www.vitrans-conveyor.com\/product\/vitrans-single-layer-conveyor-leg-conveyor-stand\/#primaryimage\"},\"image\":{\"@id\":\"https:\/\/www.vitrans-conveyor.com\/product\/vitrans-single-layer-conveyor-leg-conveyor-stand\/#primaryimage\"},\"thumbnailUrl\":\"https:\/\/www.vitrans-conveyor.com\/wp-content\/uploads\/2024\/07\/10-SZL-4545\u652f\u817f.1.png\",\"datePublished\":\"2024-07-01T10:04:18+00:00\",\"dateModified\":\"2025-12-30T08:51:01+00:00\",\"breadcrumb\":{\"@id\":\"https:\/\/www.vitrans-conveyor.com\/product\/vitrans-single-layer-conveyor-leg-conveyor-stand\/#breadcrumb\"},\"inLanguage\":\"tr\",\"potentialAction\":[{\"@type\":\"ReadAction\",\"target\":[\"https:\/\/www.vitrans-conveyor.com\/product\/vitrans-single-layer-conveyor-leg-conveyor-stand\/\"]}]},{\"@type\":\"ImageObject\",\"inLanguage\":\"tr\",\"@id\":\"https:\/\/www.vitrans-conveyor.com\/product\/vitrans-single-layer-conveyor-leg-conveyor-stand\/#primaryimage\",\"url\":\"https:\/\/www.vitrans-conveyor.com\/wp-content\/uploads\/2024\/07\/10-SZL-4545\u652f\u817f.1.png\",\"contentUrl\":\"https:\/\/www.vitrans-conveyor.com\/wp-content\/uploads\/2024\/07\/10-SZL-4545\u652f\u817f.1.png\",\"width\":1024,\"height\":1024},{\"@type\":\"BreadcrumbList\",\"@id\":\"https:\/\/www.vitrans-conveyor.com\/product\/vitrans-single-layer-conveyor-leg-conveyor-stand\/#breadcrumb\",\"itemListElement\":[{\"@type\":\"ListItem\",\"position\":1,\"name\":\"Home\",\"item\":\"https:\/\/www.vitrans-conveyor.com\/\"},{\"@type\":\"ListItem\",\"position\":2,\"name\":\"Shop\",\"item\":\"https:\/\/www.vitrans-conveyor.com\/fr\/shop\/\"},{\"@type\":\"ListItem\",\"position\":3,\"name\":\"SZ2 Single Layer Conveyor Leg\"}]},{\"@type\":\"WebSite\",\"@id\":\"https:\/\/www.vitrans-conveyor.com\/#website\",\"url\":\"https:\/\/www.vitrans-conveyor.com\/\",\"name\":\"Vitrans\",\"description\":\"Vitrans-The world&#039;s leading automated line conveyor system\",\"publisher\":{\"@id\":\"https:\/\/www.vitrans-conveyor.com\/#organization\"},\"potentialAction\":[{\"@type\":\"SearchAction\",\"target\":{\"@type\":\"EntryPoint\",\"urlTemplate\":\"https:\/\/www.vitrans-conveyor.com\/?s={search_term_string}\"},\"query-input\":{\"@type\":\"PropertyValueSpecification\",\"valueRequired\":true,\"valueName\":\"search_term_string\"}}],\"inLanguage\":\"tr\"},{\"@type\":\"Organization\",\"@id\":\"https:\/\/www.vitrans-conveyor.com\/#organization\",\"name\":\"Vitrans\",\"url\":\"https:\/\/www.vitrans-conveyor.com\/\",\"logo\":{\"@type\":\"ImageObject\",\"inLanguage\":\"tr\",\"@id\":\"https:\/\/www.vitrans-conveyor.com\/#\/schema\/logo\/image\/\",\"url\":\"https:\/\/www.vitrans-conveyor.com\/wp-content\/uploads\/2024\/06\/2023-03-09-122815-e1719882885516.jpg\",\"contentUrl\":\"https:\/\/www.vitrans-conveyor.com\/wp-content\/uploads\/2024\/06\/2023-03-09-122815-e1719882885516.jpg\",\"width\":1060,\"height\":197,\"caption\":\"Vitrans\"},\"image\":{\"@id\":\"https:\/\/www.vitrans-conveyor.com\/#\/schema\/logo\/image\/\"},\"hasMerchantReturnPolicy\":{\"@type\":\"MerchantReturnPolicy\",\"merchantReturnLink\":\"https:\/\/www.vitrans-conveyor.com\/tr\/privacy-policy-2\/\"}}]}<\/script>\n<meta property=\"product:price:amount\" content=\"7850.00\" \/>\n<meta property=\"product:price:currency\" content=\"USD\" \/>\n<meta property=\"og:availability\" content=\"instock\" \/>\n<meta property=\"product:availability\" content=\"instock\" \/>\n<meta property=\"product:condition\" content=\"new\" \/>\n<!-- \/ Yoast SEO Premium plugin. -->","yoast_head_json":{"title":"SZ2 Tek Katmanl\u0131 Konvey\u00f6r Aya\u011f\u0131 - Vitrans","robots":{"index":"index","follow":"follow","max-snippet":"max-snippet:-1","max-image-preview":"max-image-preview:large","max-video-preview":"max-video-preview:-1"},"canonical":"https:\/\/www.vitrans-conveyor.com\/tr\/urun\/vitrans-single-layer-conveyor-leg-conveyor-stand\/","og_locale":"tr_TR","og_type":"article","og_title":"SZ2 Single Layer Conveyor Leg","og_description":"\/*! elementor &#8211; v3.22.0 &#8211; 26-06-2024 *\/ .elementor-heading-title{padding:0;margin:0;line-height:1}.elementor-widget-heading .elementor-heading-title[class*=elementor-size-]&gt;a{color:inherit;font-size:inherit;line-height:inherit}.elementor-widget-heading .elementor-heading-title.elementor-size-small{font-size:15px}.elementor-widget-heading .elementor-heading-title.elementor-size-medium{font-size:19px}.elementor-widget-heading .elementor-heading-title.elementor-size-large{font-size:29px}.elementor-widget-heading .elementor-heading-title.elementor-size-xl{font-size:39px}.elementor-widget-heading .elementor-heading-title.elementor-size-xxl{font-size:59px} SZ2 single layer conveyor leg: Conveyor width\/mm: 160, 240, 320, 400, 480, 640 (160\u2264Bwt\u2264640) Conveyor height\/mm:700 to 1400 aluminum profile:45X60 Adjustable height range\/mm :\u00b130 \/*! elementor &#8211; v3.22.0 &#8211; 26-06-2024 *\/ .elementor-widget-image{text-align:center}.elementor-widget-image a{display:inline-block}.elementor-widget-image a img[src$=&#8221;.svg&#8221;]{width:48px}.elementor-widget-image img{vertical-align:middle;display:inline-block} Key benefits: including floor Fundation...","og_url":"https:\/\/www.vitrans-conveyor.com\/tr\/urun\/vitrans-single-layer-conveyor-leg-conveyor-stand\/","og_site_name":"Vitrans","article_modified_time":"2025-12-30T08:51:01+00:00","og_image":[{"width":1024,"height":1024,"url":"https:\/\/www.vitrans-conveyor.com\/wp-content\/uploads\/2024\/07\/10-SZL-4545\u652f\u817f.1.png","type":"image\/png"}],"twitter_card":"summary_large_image","twitter_misc":{"Fiyat":"&#36;7,850.00","Durumu":"Stokta var"},"schema":{"@context":"https:\/\/schema.org","@graph":[{"@type":"WebPage","@id":"https:\/\/www.vitrans-conveyor.com\/product\/vitrans-single-layer-conveyor-leg-conveyor-stand\/","url":"https:\/\/www.vitrans-conveyor.com\/product\/vitrans-single-layer-conveyor-leg-conveyor-stand\/","name":"SZ2 Tek Katmanl\u0131 Konvey\u00f6r Aya\u011f\u0131 - Vitrans","isPartOf":{"@id":"https:\/\/www.vitrans-conveyor.com\/#website"},"primaryImageOfPage":{"@id":"https:\/\/www.vitrans-conveyor.com\/product\/vitrans-single-layer-conveyor-leg-conveyor-stand\/#primaryimage"},"image":{"@id":"https:\/\/www.vitrans-conveyor.com\/product\/vitrans-single-layer-conveyor-leg-conveyor-stand\/#primaryimage"},"thumbnailUrl":"https:\/\/www.vitrans-conveyor.com\/wp-content\/uploads\/2024\/07\/10-SZL-4545\u652f\u817f.1.png","datePublished":"2024-07-01T10:04:18+00:00","dateModified":"2025-12-30T08:51:01+00:00","breadcrumb":{"@id":"https:\/\/www.vitrans-conveyor.com\/product\/vitrans-single-layer-conveyor-leg-conveyor-stand\/#breadcrumb"},"inLanguage":"tr","potentialAction":[{"@type":"ReadAction","target":["https:\/\/www.vitrans-conveyor.com\/product\/vitrans-single-layer-conveyor-leg-conveyor-stand\/"]}]},{"@type":"ImageObject","inLanguage":"tr","@id":"https:\/\/www.vitrans-conveyor.com\/product\/vitrans-single-layer-conveyor-leg-conveyor-stand\/#primaryimage","url":"https:\/\/www.vitrans-conveyor.com\/wp-content\/uploads\/2024\/07\/10-SZL-4545\u652f\u817f.1.png","contentUrl":"https:\/\/www.vitrans-conveyor.com\/wp-content\/uploads\/2024\/07\/10-SZL-4545\u652f\u817f.1.png","width":1024,"height":1024},{"@type":"BreadcrumbList","@id":"https:\/\/www.vitrans-conveyor.com\/product\/vitrans-single-layer-conveyor-leg-conveyor-stand\/#breadcrumb","itemListElement":[{"@type":"ListItem","position":1,"name":"Home","item":"https:\/\/www.vitrans-conveyor.com\/"},{"@type":"ListItem","position":2,"name":"Shop","item":"https:\/\/www.vitrans-conveyor.com\/fr\/shop\/"},{"@type":"ListItem","position":3,"name":"SZ2 Single Layer Conveyor Leg"}]},{"@type":"WebSite","@id":"https:\/\/www.vitrans-conveyor.com\/#website","url":"https:\/\/www.vitrans-conveyor.com\/","name":"Vitrans","description":"Vitrans-D\u00fcnyan\u0131n \u00f6nde gelen otomatik hat konvey\u00f6r sistemi","publisher":{"@id":"https:\/\/www.vitrans-conveyor.com\/#organization"},"potentialAction":[{"@type":"SearchAction","target":{"@type":"EntryPoint","urlTemplate":"https:\/\/www.vitrans-conveyor.com\/?s={search_term_string}"},"query-input":{"@type":"PropertyValueSpecification","valueRequired":true,"valueName":"search_term_string"}}],"inLanguage":"tr"},{"@type":"Organization","@id":"https:\/\/www.vitrans-conveyor.com\/#organization","name":"Vitrans","url":"https:\/\/www.vitrans-conveyor.com\/","logo":{"@type":"ImageObject","inLanguage":"tr","@id":"https:\/\/www.vitrans-conveyor.com\/#\/schema\/logo\/image\/","url":"https:\/\/www.vitrans-conveyor.com\/wp-content\/uploads\/2024\/06\/2023-03-09-122815-e1719882885516.jpg","contentUrl":"https:\/\/www.vitrans-conveyor.com\/wp-content\/uploads\/2024\/06\/2023-03-09-122815-e1719882885516.jpg","width":1060,"height":197,"caption":"Vitrans"},"image":{"@id":"https:\/\/www.vitrans-conveyor.com\/#\/schema\/logo\/image\/"},"hasMerchantReturnPolicy":{"@type":"MerchantReturnPolicy","merchantReturnLink":"https:\/\/www.vitrans-conveyor.com\/tr\/privacy-policy-2\/"}}]},"product_price_amount":"7850.00","product_price_currency":"USD","og_availability":"instock","product_availability":"instock","product_condition":"new"},"_links":{"self":[{"href":"https:\/\/www.vitrans-conveyor.com\/tr\/wp-json\/wp\/v2\/product\/988150","targetHints":{"allow":["GET"]}}],"collection":[{"href":"https:\/\/www.vitrans-conveyor.com\/tr\/wp-json\/wp\/v2\/product"}],"about":[{"href":"https:\/\/www.vitrans-conveyor.com\/tr\/wp-json\/wp\/v2\/types\/product"}],"replies":[{"embeddable":true,"href":"https:\/\/www.vitrans-conveyor.com\/tr\/wp-json\/wp\/v2\/comments?post=988150"}],"version-history":[{"count":0,"href":"https:\/\/www.vitrans-conveyor.com\/tr\/wp-json\/wp\/v2\/product\/988150\/revisions"}],"wp:featuredmedia":[{"embeddable":true,"href":"https:\/\/www.vitrans-conveyor.com\/tr\/wp-json\/wp\/v2\/media\/992895"}],"wp:attachment":[{"href":"https:\/\/www.vitrans-conveyor.com\/tr\/wp-json\/wp\/v2\/media?parent=988150"}],"wp:term":[{"taxonomy":"product_cat","embeddable":true,"href":"https:\/\/www.vitrans-conveyor.com\/tr\/wp-json\/wp\/v2\/product_cat?post=988150"},{"taxonomy":"product_tag","embeddable":true,"href":"https:\/\/www.vitrans-conveyor.com\/tr\/wp-json\/wp\/v2\/product_tag?post=988150"}],"curies":[{"name":"wp","href":"https:\/\/api.w.org\/{rel}","templated":true}]}}