{"id":988103,"date":"2024-07-01T09:46:35","date_gmt":"2024-07-01T09:46:35","guid":{"rendered":"https:\/\/vitrans-conveyor.com\/product\/esd-conveyor-belt-regular-belt-conveyor-spare-part\/"},"modified":"2025-03-17T09:31:57","modified_gmt":"2025-03-17T09:31:57","slug":"esd-conveyor-belt-regular-belt-conveyor-spare-part","status":"publish","type":"product","link":"https:\/\/www.vitrans-conveyor.com\/vi\/product\/esd-conveyor-belt-regular-belt-conveyor-spare-part\/","title":{"rendered":"B\u0103ng t\u1ea3i ESD | Ph\u1ee5 t\u00f9ng thay th\u1ebf cho b\u0103ng t\u1ea3i th\u00f4ng th\u01b0\u1eddng"},"content":{"rendered":"<div class=\"vgblk-rw-wrapper limit-wrapper\">\n<div>\n<p><span class=\"attr_title\" title=\"S\u1ed1 model.\">S\u1ed1 model.<\/span>:\u00a0<span class=\"attr_content\" title=\"FB-WXXX-LXXX-T2\">FB-WXXX-LXXX-T2<\/span><\/p>\n<p><span class=\"attr_title\" title=\"Th\u01b0\u01a1ng hi\u1ec7u\">Th\u01b0\u01a1ng hi\u1ec7u<\/span>:\u00a0<span class=\"attr_content\" title=\"Vitrans\">Vitrans<\/span><\/p>\n<p><span class=\"attr_title\" title=\"{ Ng\u00e0nh ngh\u1ec1 \u00e1p d\u1ee5ng}\">Ng\u00e0nh ngh\u1ec1 \u00e1p d\u1ee5ng<\/span>:\u00a0<span class=\"attr_content\" title=\"Nh\u00e0 m\u00e1y s\u1ea3n xu\u1ea5t, Kh\u00e1c\">Nh\u00e0 m\u00e1y s\u1ea3n xu\u1ea5t, Kh\u00e1c<\/span><\/p>\n<p><span class=\"attr_title\" title=\"{ D\u1ecbch v\u1ee5 ngo\u00e0i b\u1ea3o h\u00e0nh }\">D\u1ecbch v\u1ee5 sau b\u1ea3o h\u00e0nh<\/span>:\u00a0<span class=\"attr_content\" title=\"H\u1ed7 tr\u1ee3 k\u1ef9 thu\u1eadt video, H\u1ed7 tr\u1ee3 tr\u1ef1c tuy\u1ebfn, Ph\u1ee5 t\u00f9ng thay th\u1ebf\">H\u1ed7 tr\u1ee3 k\u1ef9 thu\u1eadt video, H\u1ed7 tr\u1ee3 tr\u1ef1c tuy\u1ebfn, Ph\u1ee5 t\u00f9ng thay th\u1ebf<\/span><\/p>\n<p><span class=\"attr_title\" title=\"{ N\u01a1i cung c\u1ea5p d\u1ecbch v\u1ee5 \u0111\u1ecba ph\u01b0\u01a1ng (\u1ede nh\u1eefng qu\u1ed1c gia n\u00e0o c\u00f3 c\u00e1c \u0111i\u1ec3m cung c\u1ea5p d\u1ecbch v\u1ee5 \u1edf n\u01b0\u1edbc ngo\u00e0i?)}\">N\u01a1i cung c\u1ea5p d\u1ecbch v\u1ee5 \u0111\u1ecba ph\u01b0\u01a1ng (\u1ede nh\u1eefng qu\u1ed1c gia n\u00e0o c\u00f3 c\u00e1c chi nh\u00e1nh d\u1ecbch v\u1ee5 n\u01b0\u1edbc ngo\u00e0i)<\/span>:\u00a0<span class=\"attr_content\" title=\"United States, Viet Nam, Indonesia, India, Mexico, Spain, Thailand, Malaysia, Morocco, South Korea\">United States, Viet Nam, Indonesia, India, Mexico, Spain, Thailand, Malaysia, Morocco, South Korea<\/span><\/p>\n<p><span class=\"attr_title\" title=\"{ V\u1ecb tr\u00ed showroom (C\u00e1c qu\u1ed1c gia n\u00e0o c\u00f3 ph\u00f2ng tr\u01b0ng b\u00e0y m\u1eabu \u1edf n\u01b0\u1edbc ngo\u00e0i?)}\">V\u1ecb tr\u00ed showroom (C\u00e1c qu\u1ed1c gia n\u00e0o c\u00f3 ph\u00f2ng tr\u01b0ng b\u00e0y m\u1eabu \u1edf n\u01b0\u1edbc ngo\u00e0i)<\/span>:\u00a0<span class=\"attr_content\" title=\"Kh\u00f4ng c\u00f3\">Kh\u00f4ng c\u00f3<\/span><\/p>\n<p><span class=\"attr_title\" title=\"{ Tr\u1ea1ng th\u00e1i}\">Tr\u1ea1ng th\u00e1i<\/span>:\u00a0<span class=\"attr_content\" title=\"M\u1edbi\">M\u1edbi<\/span><\/p>\n<p><span class=\"attr_title\" title=\"{ V\u1eadt li\u1ec7u}\">V\u1eadt li\u1ec7u<\/span>:\u00a0<span class=\"attr_content\" title=\"Cao su\">Cao su<\/span><\/p>\n<p><span class=\"attr_title\" title=\"{ C\u1ea5u tr\u00fac}\">C\u1ea5u tr\u00fac<\/span>:\u00a0<span class=\"attr_content\" title=\"B\u0103ng t\u1ea3i\">B\u0103ng t\u1ea3i<\/span><\/p>\n<p><span class=\"attr_title\" title=\"{ N\u01a1i xu\u1ea5t x\u1ee9}\">N\u01a1i xu\u1ea5t x\u1ee9<\/span>:\u00a0<span class=\"attr_content\" title=\"Trung Qu\u1ed1c\">Trung Qu\u1ed1c<\/span><\/p>\n<p><span class=\"attr_title\" title=\"{Th\u1eddi h\u1ea1n b\u1ea3o h\u00e0nh}\">Th\u1eddi h\u1ea1n b\u1ea3o h\u00e0nh<\/span>:\u00a0<span class=\"attr_content\" title=\"1 n\u0103m\">1 n\u0103m<\/span><\/p>\n<p><span class=\"attr_title\" title=\"{B\u00e1o c\u00e1o th\u1eed nghi\u1ec7m c\u01a1 h\u1ecdc}\">B\u00e1o c\u00e1o th\u1eed nghi\u1ec7m c\u01a1 h\u1ecdc<\/span>:\u00a0<span class=\"attr_content\" title=\"\u0110\u01b0\u1ee3c cung c\u1ea5p\">\u0110\u01b0\u1ee3c cung c\u1ea5p<\/span><\/p>\n<p><span class=\"attr_title\" title=\"{ Ki\u1ec3m tra nh\u00e0 m\u00e1y s\u1ea3n xu\u1ea5t video}\">Ki\u1ec3m tra nh\u00e0 m\u00e1y s\u1ea3n xu\u1ea5t video<\/span>:\u00a0<span class=\"attr_content\" title=\"\u0110\u01b0\u1ee3c cung c\u1ea5p\">\u0110\u01b0\u1ee3c cung c\u1ea5p<\/span><\/p>\n<p><span class=\"attr_title\" title=\"{ Lo\u1ea1i h\u00ecnh ti\u1ebfp th\u1ecb }\">Lo\u1ea1i h\u00ecnh ti\u1ebfp th\u1ecb<\/span>:\u00a0<span class=\"attr_content\" title=\"Kh\u00e1c\">Kh\u00e1c<\/span><\/p>\n<p><span class=\"attr_title\" title=\"{Th\u1eddi h\u1ea1n b\u1ea3o h\u00e0nh cho c\u00e1c b\u1ed9 ph\u1eadn ch\u00ednh}\">Th\u1eddi h\u1ea1n b\u1ea3o h\u00e0nh cho c\u00e1c b\u1ed9 ph\u1eadn ch\u00ednh<\/span>:\u00a0<span class=\"attr_content\" title=\"1 n\u0103m\">1 n\u0103m<\/span><\/p>\n<p><span class=\"attr_title\" title=\"{ Belt Type}\">Belt Type<\/span>:\u00a0<span class=\"attr_content\" title=\"Flat Belt\">Flat Belt<\/span><\/p>\n<p><span class=\"attr_title\" title=\"{ Belt Width}\">Belt Width<\/span>:\u00a0<span class=\"attr_content\" title=\"T\u00f9y ch\u1ec9nh\">T\u00f9y ch\u1ec9nh<\/span><\/p>\n<\/div>\n<\/div>\n<p><!-- .vgblk-rw-wrapper --><\/p>","protected":false},"excerpt":{"rendered":"<p>Model No.:\u00a0FB-WXXX-LXXX-T2 Brand:\u00a0Vitrans Applicable Industry:\u00a0Manufacturing Plant, Other Out-of-warranty Service:\u00a0Video Technical Support, Online Support, Spare Parts Where To Provide Local Services (in Which Countries Are There Overseas Service Outlets):\u00a0United States, Viet Nam, Indonesia, India, Mexico, Spain, Thailand, Malaysia, Morocco, South Korea Showroom Location (in Which Countries Are There Sample Rooms Overseas):\u00a0None Status:\u00a0New Material:\u00a0Rubber Structure:\u00a0Belt Conveyor Place&#8230;<\/p>","protected":false},"featured_media":991775,"comment_status":"closed","ping_status":"closed","template":"","meta":[],"product_cat":[127],"product_tag":[],"class_list":{"0":"post-988103","1":"product","2":"type-product","3":"status-publish","4":"has-post-thumbnail","6":"product_cat-parts","8":"first","9":"instock","10":"shipping-taxable","11":"purchasable","12":"product-type-simple"},"yoast_head":"<!-- This site is optimized with the Yoast SEO Premium plugin v23.2 (Yoast SEO v24.8.1) - https:\/\/yoast.com\/wordpress\/plugins\/seo\/ -->\n<title>ESD Conveyor Belt | Regular Belt Conveyor Spare Part - Vitrans<\/title>\n<meta name=\"robots\" content=\"index, follow, max-snippet:-1, max-image-preview:large, max-video-preview:-1\" \/>\n<link rel=\"canonical\" href=\"https:\/\/www.vitrans-conveyor.com\/vi\/san-pham\/esd-conveyor-belt-regular-belt-conveyor-spare-part\/\" \/>\n<meta property=\"og:locale\" content=\"vi_VN\" \/>\n<meta property=\"og:type\" content=\"article\" \/>\n<meta property=\"og:title\" content=\"ESD Conveyor Belt | Regular Belt Conveyor Spare Part\" \/>\n<meta property=\"og:description\" content=\"Model No.:\u00a0FB-WXXX-LXXX-T2 Brand:\u00a0Vitrans Applicable Industry:\u00a0Manufacturing Plant, Other Out-of-warranty Service:\u00a0Video Technical Support, Online Support, Spare Parts Where To Provide Local Services (in Which Countries Are There Overseas Service Outlets):\u00a0United States, Viet Nam, Indonesia, India, Mexico, Spain, Thailand, Malaysia, Morocco, South Korea Showroom Location (in Which Countries Are There Sample Rooms Overseas):\u00a0None Status:\u00a0New Material:\u00a0Rubber Structure:\u00a0Belt Conveyor Place...\" \/>\n<meta property=\"og:url\" content=\"https:\/\/www.vitrans-conveyor.com\/vi\/san-pham\/esd-conveyor-belt-regular-belt-conveyor-spare-part\/\" \/>\n<meta property=\"og:site_name\" content=\"Vitrans\" \/>\n<meta property=\"article:modified_time\" content=\"2025-03-17T09:31:57+00:00\" \/>\n<meta property=\"og:image\" content=\"https:\/\/www.vitrans-conveyor.com\/wp-content\/uploads\/2024\/07\/ESD-Conveyor-Belt-_-Regular-Belt-Conveyor-Spare-Part.jpeg\" \/>\n\t<meta property=\"og:image:width\" content=\"2000\" \/>\n\t<meta property=\"og:image:height\" content=\"2000\" \/>\n\t<meta property=\"og:image:type\" content=\"image\/jpeg\" \/>\n<meta name=\"twitter:card\" content=\"summary_large_image\" \/>\n<meta name=\"twitter:label1\" content=\"Gi\u00e1\" \/>\n\t<meta name=\"twitter:data1\" content=\"&#036;5,880.00\" \/>\n\t<meta name=\"twitter:label2\" content=\"Kh\u1ea3 d\u1ee5ng\" \/>\n\t<meta name=\"twitter:data2\" content=\"Trong kho\" \/>\n<script type=\"application\/ld+json\" class=\"yoast-schema-graph\">{\"@context\":\"https:\/\/schema.org\",\"@graph\":[{\"@type\":\"WebPage\",\"@id\":\"https:\/\/www.vitrans-conveyor.com\/de\/produkt\/esd-conveyor-belt-regular-belt-conveyor-spare-part\/\",\"url\":\"https:\/\/www.vitrans-conveyor.com\/de\/produkt\/esd-conveyor-belt-regular-belt-conveyor-spare-part\/\",\"name\":\"ESD Conveyor Belt | Regular Belt Conveyor Spare Part - Vitrans\",\"isPartOf\":{\"@id\":\"https:\/\/www.vitrans-conveyor.com\/#website\"},\"primaryImageOfPage\":{\"@id\":\"https:\/\/www.vitrans-conveyor.com\/de\/produkt\/esd-conveyor-belt-regular-belt-conveyor-spare-part\/#primaryimage\"},\"image\":{\"@id\":\"https:\/\/www.vitrans-conveyor.com\/de\/produkt\/esd-conveyor-belt-regular-belt-conveyor-spare-part\/#primaryimage\"},\"thumbnailUrl\":\"https:\/\/www.vitrans-conveyor.com\/wp-content\/uploads\/2024\/07\/ESD-Conveyor-Belt-_-Regular-Belt-Conveyor-Spare-Part.jpeg\",\"datePublished\":\"2024-07-01T09:46:35+00:00\",\"dateModified\":\"2025-03-17T09:31:57+00:00\",\"breadcrumb\":{\"@id\":\"https:\/\/www.vitrans-conveyor.com\/de\/produkt\/esd-conveyor-belt-regular-belt-conveyor-spare-part\/#breadcrumb\"},\"inLanguage\":\"vi\",\"potentialAction\":[{\"@type\":\"ReadAction\",\"target\":[\"https:\/\/www.vitrans-conveyor.com\/de\/produkt\/esd-conveyor-belt-regular-belt-conveyor-spare-part\/\"]}]},{\"@type\":\"ImageObject\",\"inLanguage\":\"vi\",\"@id\":\"https:\/\/www.vitrans-conveyor.com\/de\/produkt\/esd-conveyor-belt-regular-belt-conveyor-spare-part\/#primaryimage\",\"url\":\"https:\/\/www.vitrans-conveyor.com\/wp-content\/uploads\/2024\/07\/ESD-Conveyor-Belt-_-Regular-Belt-Conveyor-Spare-Part.jpeg\",\"contentUrl\":\"https:\/\/www.vitrans-conveyor.com\/wp-content\/uploads\/2024\/07\/ESD-Conveyor-Belt-_-Regular-Belt-Conveyor-Spare-Part.jpeg\",\"width\":2000,\"height\":2000,\"caption\":\"ESD Conveyor Belt | Regular Belt Conveyor Spare Part\"},{\"@type\":\"BreadcrumbList\",\"@id\":\"https:\/\/www.vitrans-conveyor.com\/de\/produkt\/esd-conveyor-belt-regular-belt-conveyor-spare-part\/#breadcrumb\",\"itemListElement\":[{\"@type\":\"ListItem\",\"position\":1,\"name\":\"Home\",\"item\":\"https:\/\/www.vitrans-conveyor.com\/\"},{\"@type\":\"ListItem\",\"position\":2,\"name\":\"Shop\",\"item\":\"https:\/\/www.vitrans-conveyor.com\/fr\/shop\/\"},{\"@type\":\"ListItem\",\"position\":3,\"name\":\"ESD Conveyor Belt | Regular Belt Conveyor Spare Part\"}]},{\"@type\":\"WebSite\",\"@id\":\"https:\/\/www.vitrans-conveyor.com\/#website\",\"url\":\"https:\/\/www.vitrans-conveyor.com\/\",\"name\":\"Vitrans\",\"description\":\"Vitrans-The world&#039;s leading automated line conveyor system\",\"publisher\":{\"@id\":\"https:\/\/www.vitrans-conveyor.com\/#organization\"},\"potentialAction\":[{\"@type\":\"SearchAction\",\"target\":{\"@type\":\"EntryPoint\",\"urlTemplate\":\"https:\/\/www.vitrans-conveyor.com\/?s={search_term_string}\"},\"query-input\":{\"@type\":\"PropertyValueSpecification\",\"valueRequired\":true,\"valueName\":\"search_term_string\"}}],\"inLanguage\":\"vi\"},{\"@type\":\"Organization\",\"@id\":\"https:\/\/www.vitrans-conveyor.com\/#organization\",\"name\":\"Vitrans\",\"url\":\"https:\/\/www.vitrans-conveyor.com\/\",\"logo\":{\"@type\":\"ImageObject\",\"inLanguage\":\"vi\",\"@id\":\"https:\/\/www.vitrans-conveyor.com\/#\/schema\/logo\/image\/\",\"url\":\"https:\/\/www.vitrans-conveyor.com\/wp-content\/uploads\/2024\/06\/2023-03-09-122815-e1719882885516.jpg\",\"contentUrl\":\"https:\/\/www.vitrans-conveyor.com\/wp-content\/uploads\/2024\/06\/2023-03-09-122815-e1719882885516.jpg\",\"width\":1060,\"height\":197,\"caption\":\"Vitrans\"},\"image\":{\"@id\":\"https:\/\/www.vitrans-conveyor.com\/#\/schema\/logo\/image\/\"},\"hasMerchantReturnPolicy\":{\"@type\":\"MerchantReturnPolicy\",\"merchantReturnLink\":\"https:\/\/www.vitrans-conveyor.com\/vi\/privacy-policy-2\/\"}}]}<\/script>\n<meta property=\"product:price:amount\" content=\"5880.00\" \/>\n<meta property=\"product:price:currency\" content=\"USD\" \/>\n<meta property=\"og:availability\" content=\"instock\" \/>\n<meta property=\"product:availability\" content=\"instock\" \/>\n<meta property=\"product:condition\" content=\"new\" \/>\n<!-- \/ Yoast SEO Premium plugin. -->","yoast_head_json":{"title":"ESD Conveyor Belt | Regular Belt Conveyor Spare Part - Vitrans","robots":{"index":"index","follow":"follow","max-snippet":"max-snippet:-1","max-image-preview":"max-image-preview:large","max-video-preview":"max-video-preview:-1"},"canonical":"https:\/\/www.vitrans-conveyor.com\/vi\/san-pham\/esd-conveyor-belt-regular-belt-conveyor-spare-part\/","og_locale":"vi_VN","og_type":"article","og_title":"ESD Conveyor Belt | Regular Belt Conveyor Spare Part","og_description":"Model No.:\u00a0FB-WXXX-LXXX-T2 Brand:\u00a0Vitrans Applicable Industry:\u00a0Manufacturing Plant, Other Out-of-warranty Service:\u00a0Video Technical Support, Online Support, Spare Parts Where To Provide Local Services (in Which Countries Are There Overseas Service Outlets):\u00a0United States, Viet Nam, Indonesia, India, Mexico, Spain, Thailand, Malaysia, Morocco, South Korea Showroom Location (in Which Countries Are There Sample Rooms Overseas):\u00a0None Status:\u00a0New Material:\u00a0Rubber Structure:\u00a0Belt Conveyor Place...","og_url":"https:\/\/www.vitrans-conveyor.com\/vi\/san-pham\/esd-conveyor-belt-regular-belt-conveyor-spare-part\/","og_site_name":"Vitrans","article_modified_time":"2025-03-17T09:31:57+00:00","og_image":[{"width":2000,"height":2000,"url":"https:\/\/www.vitrans-conveyor.com\/wp-content\/uploads\/2024\/07\/ESD-Conveyor-Belt-_-Regular-Belt-Conveyor-Spare-Part.jpeg","type":"image\/jpeg"}],"twitter_card":"summary_large_image","twitter_misc":{"Gi\u00e1":"&#36;5,880.00","Kh\u1ea3 d\u1ee5ng":"Trong kho"},"schema":{"@context":"https:\/\/schema.org","@graph":[{"@type":"WebPage","@id":"https:\/\/www.vitrans-conveyor.com\/de\/produkt\/esd-conveyor-belt-regular-belt-conveyor-spare-part\/","url":"https:\/\/www.vitrans-conveyor.com\/de\/produkt\/esd-conveyor-belt-regular-belt-conveyor-spare-part\/","name":"ESD Conveyor Belt | Regular Belt Conveyor Spare Part - Vitrans","isPartOf":{"@id":"https:\/\/www.vitrans-conveyor.com\/#website"},"primaryImageOfPage":{"@id":"https:\/\/www.vitrans-conveyor.com\/de\/produkt\/esd-conveyor-belt-regular-belt-conveyor-spare-part\/#primaryimage"},"image":{"@id":"https:\/\/www.vitrans-conveyor.com\/de\/produkt\/esd-conveyor-belt-regular-belt-conveyor-spare-part\/#primaryimage"},"thumbnailUrl":"https:\/\/www.vitrans-conveyor.com\/wp-content\/uploads\/2024\/07\/ESD-Conveyor-Belt-_-Regular-Belt-Conveyor-Spare-Part.jpeg","datePublished":"2024-07-01T09:46:35+00:00","dateModified":"2025-03-17T09:31:57+00:00","breadcrumb":{"@id":"https:\/\/www.vitrans-conveyor.com\/de\/produkt\/esd-conveyor-belt-regular-belt-conveyor-spare-part\/#breadcrumb"},"inLanguage":"vi","potentialAction":[{"@type":"ReadAction","target":["https:\/\/www.vitrans-conveyor.com\/de\/produkt\/esd-conveyor-belt-regular-belt-conveyor-spare-part\/"]}]},{"@type":"ImageObject","inLanguage":"vi","@id":"https:\/\/www.vitrans-conveyor.com\/de\/produkt\/esd-conveyor-belt-regular-belt-conveyor-spare-part\/#primaryimage","url":"https:\/\/www.vitrans-conveyor.com\/wp-content\/uploads\/2024\/07\/ESD-Conveyor-Belt-_-Regular-Belt-Conveyor-Spare-Part.jpeg","contentUrl":"https:\/\/www.vitrans-conveyor.com\/wp-content\/uploads\/2024\/07\/ESD-Conveyor-Belt-_-Regular-Belt-Conveyor-Spare-Part.jpeg","width":2000,"height":2000,"caption":"ESD Conveyor Belt | Regular Belt Conveyor Spare Part"},{"@type":"BreadcrumbList","@id":"https:\/\/www.vitrans-conveyor.com\/de\/produkt\/esd-conveyor-belt-regular-belt-conveyor-spare-part\/#breadcrumb","itemListElement":[{"@type":"ListItem","position":1,"name":"Home","item":"https:\/\/www.vitrans-conveyor.com\/"},{"@type":"ListItem","position":2,"name":"Shop","item":"https:\/\/www.vitrans-conveyor.com\/fr\/shop\/"},{"@type":"ListItem","position":3,"name":"ESD Conveyor Belt | Regular Belt Conveyor Spare Part"}]},{"@type":"WebSite","@id":"https:\/\/www.vitrans-conveyor.com\/#website","url":"https:\/\/www.vitrans-conveyor.com\/","name":"Vitrans","description":"Vitrans-H\u1ec7 th\u1ed1ng b\u0103ng t\u1ea3i t\u1ef1 \u0111\u1ed9ng h\u00e0ng \u0111\u1ea7u th\u1ebf gi\u1edbi","publisher":{"@id":"https:\/\/www.vitrans-conveyor.com\/#organization"},"potentialAction":[{"@type":"SearchAction","target":{"@type":"EntryPoint","urlTemplate":"https:\/\/www.vitrans-conveyor.com\/?s={search_term_string}"},"query-input":{"@type":"PropertyValueSpecification","valueRequired":true,"valueName":"search_term_string"}}],"inLanguage":"vi"},{"@type":"Organization","@id":"https:\/\/www.vitrans-conveyor.com\/#organization","name":"Vitrans","url":"https:\/\/www.vitrans-conveyor.com\/","logo":{"@type":"ImageObject","inLanguage":"vi","@id":"https:\/\/www.vitrans-conveyor.com\/#\/schema\/logo\/image\/","url":"https:\/\/www.vitrans-conveyor.com\/wp-content\/uploads\/2024\/06\/2023-03-09-122815-e1719882885516.jpg","contentUrl":"https:\/\/www.vitrans-conveyor.com\/wp-content\/uploads\/2024\/06\/2023-03-09-122815-e1719882885516.jpg","width":1060,"height":197,"caption":"Vitrans"},"image":{"@id":"https:\/\/www.vitrans-conveyor.com\/#\/schema\/logo\/image\/"},"hasMerchantReturnPolicy":{"@type":"MerchantReturnPolicy","merchantReturnLink":"https:\/\/www.vitrans-conveyor.com\/vi\/privacy-policy-2\/"}}]},"product_price_amount":"5880.00","product_price_currency":"USD","og_availability":"instock","product_availability":"instock","product_condition":"new"},"_links":{"self":[{"href":"https:\/\/www.vitrans-conveyor.com\/vi\/wp-json\/wp\/v2\/product\/988103","targetHints":{"allow":["GET"]}}],"collection":[{"href":"https:\/\/www.vitrans-conveyor.com\/vi\/wp-json\/wp\/v2\/product"}],"about":[{"href":"https:\/\/www.vitrans-conveyor.com\/vi\/wp-json\/wp\/v2\/types\/product"}],"replies":[{"embeddable":true,"href":"https:\/\/www.vitrans-conveyor.com\/vi\/wp-json\/wp\/v2\/comments?post=988103"}],"version-history":[{"count":0,"href":"https:\/\/www.vitrans-conveyor.com\/vi\/wp-json\/wp\/v2\/product\/988103\/revisions"}],"wp:featuredmedia":[{"embeddable":true,"href":"https:\/\/www.vitrans-conveyor.com\/vi\/wp-json\/wp\/v2\/media\/991775"}],"wp:attachment":[{"href":"https:\/\/www.vitrans-conveyor.com\/vi\/wp-json\/wp\/v2\/media?parent=988103"}],"wp:term":[{"taxonomy":"product_cat","embeddable":true,"href":"https:\/\/www.vitrans-conveyor.com\/vi\/wp-json\/wp\/v2\/product_cat?post=988103"},{"taxonomy":"product_tag","embeddable":true,"href":"https:\/\/www.vitrans-conveyor.com\/vi\/wp-json\/wp\/v2\/product_tag?post=988103"}],"curies":[{"name":"wp","href":"https:\/\/api.w.org\/{rel}","templated":true}]}}